{"id":9,"date":"2021-02-22T15:22:35","date_gmt":"2021-02-22T13:22:35","guid":{"rendered":"https:\/\/eleonoraallerdings.wordpress.com\/?page_id=9"},"modified":"2025-05-06T15:16:29","modified_gmt":"2025-05-06T13:16:29","slug":"about","status":"publish","type":"page","link":"https:\/\/eleanora-allerdings.de\/2021\/about\/","title":{"rendered":"\u00dcber mich"},"content":{"rendered":"\n<p class=\"has-text-color\" style=\"color:#ad7521\">Immerzu tanzend \u2013 forschend &#8211; \u00fcbend \u2013 Projekte ausdenkend und umsetzend &#8211; choreografierend &#8211; Netzwerke und Gruppen gr\u00fcndend und lebendig haltend &#8211; Regie f\u00fchrend &#8211; lernend und lehrend verging die Zeit \u2026 vergeht die Zeit \u2026&nbsp;<\/p>\n\n\n\n<p><a href=\"https:\/\/www.dasei.eu\/blog\/theaterpaedagogik-demokratie-10\/folge-2-gehort-werden-14\">Interviewausz\u00fcge Theaterp\u00e4dagogik &amp; Demokratie<\/a> <\/p>\n\n\n\n<div class=\"wp-block-jetpack-layout-grid alignfull column1-desktop-grid__span-5 column1-desktop-grid__row-1 column2-desktop-grid__span-5 column2-desktop-grid__start-7 column2-desktop-grid__row-1 column1-tablet-grid__span-4 column1-tablet-grid__row-1 column2-tablet-grid__span-4 column2-tablet-grid__start-5 column2-tablet-grid__row-1 column1-mobile-grid__span-4 column1-mobile-grid__row-1 column2-mobile-grid__span-4 column2-mobile-grid__row-2 wp-block-jetpack-layout-gutter__nowrap wp-block-jetpack-layout-gutter__small\">\n<div class=\"wp-block-jetpack-layout-grid-column wp-block-jetpack-layout-grid__padding-none\">\n<div style=\"height:55px\" aria-hidden=\"true\" class=\"wp-block-spacer\"><\/div>\n\n\n<div class=\"wp-block-image is-resized\">\n<figure class=\"aligncenter size-medium\"><img loading=\"lazy\" decoding=\"async\" width=\"300\" height=\"300\" src=\"https:\/\/eleanora-allerdings.de\/2021\/wp-content\/uploads\/2021\/04\/eleanoraallerdings-edited-e1620221380611-300x300.jpg\" alt=\"\" class=\"wp-image-279\" srcset=\"https:\/\/eleanora-allerdings.de\/2021\/wp-content\/uploads\/2021\/04\/eleanoraallerdings-edited-e1620221380611-300x300.jpg 300w, https:\/\/eleanora-allerdings.de\/2021\/wp-content\/uploads\/2021\/04\/eleanoraallerdings-edited-e1620221380611-1024x1022.jpg 1024w, https:\/\/eleanora-allerdings.de\/2021\/wp-content\/uploads\/2021\/04\/eleanoraallerdings-edited-e1620221380611-150x150.jpg 150w, https:\/\/eleanora-allerdings.de\/2021\/wp-content\/uploads\/2021\/04\/eleanoraallerdings-edited-e1620221380611-768x766.jpg 768w, https:\/\/eleanora-allerdings.de\/2021\/wp-content\/uploads\/2021\/04\/eleanoraallerdings-edited-e1620221380611-1536x1533.jpg 1536w, https:\/\/eleanora-allerdings.de\/2021\/wp-content\/uploads\/2021\/04\/eleanoraallerdings-edited-e1620221380611-100x100.jpg 100w, https:\/\/eleanora-allerdings.de\/2021\/wp-content\/uploads\/2021\/04\/eleanoraallerdings-edited-e1620221380611.jpg 1843w\" sizes=\"auto, (max-width: 300px) 100vw, 300px\" \/><\/figure>\n<\/div>\n\n\n<div style=\"height:43px\" aria-hidden=\"true\" class=\"wp-block-spacer\"><\/div>\n\n\n\n<h2 class=\"wp-block-heading\"><span style=\"background-color:rgba(0, 0, 0, 0);color:#595c5e;\" class=\"has-inline-color\">beruflicher Hintergrund<\/span><\/h2>\n\n\n\n<p style=\"font-size:14px\">Seit 1995 freischaffend <br>als T\u00e4nzerin, Choreografin, Theaterp\u00e4dagogin, Regisseurin<\/p>\n\n\n\n<p style=\"font-size:14px\">2000 Gr\u00fcndungsmitglied <br>des \u010doj\u010d Theaternetzwerks B\u00f6hmen Bayern; 2010 &#8211; 2020 Gesch\u00e4ftsf\u00fchrung und k\u00fcnstlerische Leitung der daraus gegr\u00fcndeten cojc gGmbH<a href=\"http:\/\/www.cojc.eu\"> <\/a><a href=\"https:\/\/www.cojc.eu\">www.cojc.eu<\/a>&nbsp;<\/p>\n\n\n\n<p style=\"font-size:14px\">Seit 2005 Referentin <br>f\u00fcr p\u00e4dagogische Regie, Dokumentarisches Theater, Physisches Theater <br>in der Ausbildung Theaterp\u00e4dagogik bei DAS Ei Theaterp\u00e4dagogisches Institut Bayern e.V. <a href=\"http:\/\/www.dasei.eu\">www.dasei.eu<\/a><\/p>\n\n\n\n<p style=\"font-size:14px\">2008-2014 Initiatorin und Vorstand <br>des Kunstsalon F\u00fcrth e.V. Verein f\u00fcr interdisziplin\u00e4re Projekte&nbsp; <a href=\"http:\/\/www.kunstsalon-f\u00fcrth.de\/\">www.kunstsalon-f\u00fcrth.de&nbsp;<\/a><\/p>\n\n\n\n<p style=\"font-size:14px\">2014 -2019 Theaterprojekte f\u00fcr alle Altersstufen, Kollegium und Eltern am Montessorizentrum N\u00fcrnberg<\/p>\n\n\n\n<p style=\"font-size:14px\">Seit 2015 Umsetzung <br>von Gro\u00dfgruppen-Projekten bei der cojc gGmbH (Magnet\/ Kaleisdoskop), am Montessorizentrum (Bilder einer Ausstellung), bei Schmitt und Sohn <br>f\u00fcr 100 Azubis <a href=\"https:\/\/www.facebook.com\/watch\/?v=2703266526479244\">S+ on stage<\/a><\/p>\n\n\n\n<p style=\"font-size:14px\">Seit 2019 Dozentin <br>an der G. S. Ohm Hochschule N\u00fcrnberg \/  SW:  Kultur-\u00c4sthetik-Bewegung <\/p>\n\n\n\n<p><\/p>\n\n\n\n<div style=\"height:10px\" aria-hidden=\"true\" class=\"wp-block-spacer\"><\/div>\n<\/div>\n\n\n\n<div class=\"wp-block-jetpack-layout-grid-column wp-block-jetpack-layout-grid__padding-none\">\n<h2 class=\"wp-block-heading\" style=\"line-height:1.5\"><span style=\"background-color:rgba(0, 0, 0, 0);color:#595c5e;\" class=\"has-inline-color\">Ausbildung<\/span><\/h2>\n\n\n\n<p style=\"font-size:14px\">Ausbildung in Bewegungstheater, <br>New Dance, Contactimprovisation, zeitgen\u00f6ssischer Tanz, Performance, Improvisation, Choreografie u.a. bei Keriac und in der Tanzfabrik Berlin&nbsp;<\/p>\n\n\n\n<p style=\"font-size:14px\">Studium am European Dance Development Centre (EDDC) an der Hochschule der K\u00fcnste, Arnhem, NL&nbsp;<\/p>\n\n\n\n<p style=\"font-size:14px\">Erfahrung mit Indischem Tanz, Yoga, Feldenkrais, Body Mind Centering, Release technique, Okinawa Kungfu, Viewpoints<\/p>\n\n\n\n<p style=\"font-size:14px\">learning-by-doing: Theatertechnikerin und Lichtgestalterin (Theaterhaus Stuttgart, Neuk\u00f6llner Oper Berlin, EDDC), Videofilm &amp; Schnitt<\/p>\n\n\n\n<p style=\"font-size:14px\">seit 2010: Theaterp\u00e4dagogin (BUT)<\/p>\n\n\n\n<p style=\"font-size:14px\">seit 2023: zertifizierte Dozentin der Kristin Linklater Voicemethod<\/p>\n\n\n\n<div style=\"height:21px\" aria-hidden=\"true\" class=\"wp-block-spacer\"><\/div>\n\n\n\n<p>Ein paar v\u00f6llig willk\u00fcrliche Einblicke in meine Arbeit sind hier zu finden:&nbsp;<\/p>\n\n\n\n<div class=\"wp-block-media-text alignwide is-stacked-on-mobile is-vertically-aligned-center\" style=\"grid-template-columns:37% auto\"><figure class=\"wp-block-media-text__media\"><a href=\"https:\/\/youtu.be\/JAx16QVYjzs\" target=\"_blank\" rel=\"noopener\"><img loading=\"lazy\" decoding=\"async\" width=\"350\" height=\"263\" src=\"https:\/\/eleanora-allerdings.de\/2021\/wp-content\/uploads\/2021\/08\/eissarah2kurz.jpg\" alt=\"\" class=\"wp-image-862 size-full\" srcset=\"https:\/\/eleanora-allerdings.de\/2021\/wp-content\/uploads\/2021\/08\/eissarah2kurz.jpg 350w, https:\/\/eleanora-allerdings.de\/2021\/wp-content\/uploads\/2021\/08\/eissarah2kurz-300x225.jpg 300w\" sizes=\"auto, (max-width: 350px) 100vw, 350px\" \/><\/a><\/figure><div class=\"wp-block-media-text__content\">\n<p class=\"has-text-align-left has-normal-font-size\"><strong><a rel=\"noreferrer noopener\" href=\"https:\/\/youtu.be\/JAx16QVYjzs\" target=\"_blank\"><strong><\/strong><\/a><strong><a rel=\"noreferrer noopener\" href=\"https:\/\/youtu.be\/Dlq6h1h6pmY\" target=\"_blank\">Puschkin Walzer<\/a><\/strong><\/strong><\/p>\n<\/div><\/div>\n\n\n\n<div class=\"wp-block-media-text alignwide is-stacked-on-mobile is-vertically-aligned-center\" style=\"grid-template-columns:37% auto\"><figure class=\"wp-block-media-text__media\"><a href=\"https:\/\/youtu.be\/JAx16QVYjzs\" target=\"_blank\" rel=\"noopener\"><img loading=\"lazy\" decoding=\"async\" width=\"250\" height=\"274\" src=\"https:\/\/eleanora-allerdings.de\/2021\/wp-content\/uploads\/2021\/07\/animali.jpg\" alt=\"\" class=\"wp-image-781 size-full\"\/><\/a><\/figure><div class=\"wp-block-media-text__content\">\n<p class=\"has-text-align-left has-normal-font-size\"><strong><a rel=\"noreferrer noopener\" href=\"https:\/\/youtu.be\/JAx16QVYjzs\" target=\"_blank\">animal<\/a><\/strong><\/p>\n<\/div><\/div>\n\n\n\n<div class=\"wp-block-media-text alignwide is-stacked-on-mobile\" style=\"grid-template-columns:37% auto\"><figure class=\"wp-block-media-text__media\"><a href=\"https:\/\/youtu.be\/kp5zlHT3plE\" target=\"_blank\" rel=\"noopener\"><img loading=\"lazy\" decoding=\"async\" width=\"118\" height=\"80\" src=\"https:\/\/eleanora-allerdings.de\/2021\/wp-content\/uploads\/2021\/07\/heartfeltii.jpg\" alt=\"\" class=\"wp-image-784 size-full\"\/><\/a><\/figure><div class=\"wp-block-media-text__content\">\n<p class=\"has-text-align-left has-normal-font-size\"><a rel=\"noreferrer noopener\" href=\"https:\/\/youtu.be\/kp5zlHT3plE\" target=\"_blank\"><strong>heartfelt<\/strong><\/a><\/p>\n<\/div><\/div>\n\n\n\n<div class=\"wp-block-media-text alignwide is-stacked-on-mobile\" style=\"grid-template-columns:37% auto\"><figure class=\"wp-block-media-text__media\"><a href=\"https:\/\/youtu.be\/RzDD_QGu9mI\" target=\"_blank\" rel=\"noopener\"><img loading=\"lazy\" decoding=\"async\" width=\"149\" height=\"100\" src=\"https:\/\/eleanora-allerdings.de\/2021\/wp-content\/uploads\/2021\/07\/klweltenii.jpg\" alt=\"\" class=\"wp-image-782 size-full\"\/><\/a><\/figure><div class=\"wp-block-media-text__content\">\n<p class=\"has-text-align-left has-normal-font-size\"><a rel=\"noreferrer noopener\" href=\"https:\/\/youtu.be\/RzDD_QGu9mI\" target=\"_blank\"><strong>kleine Welten<\/strong><\/a><\/p>\n<\/div><\/div>\n\n\n\n<div class=\"wp-block-media-text alignwide is-stacked-on-mobile\" style=\"grid-template-columns:37% auto\"><figure class=\"wp-block-media-text__media\"><a href=\"https:\/\/youtu.be\/8Q1L6RuRtYg\" target=\"_blank\" rel=\"noopener\"><img loading=\"lazy\" decoding=\"async\" width=\"300\" height=\"225\" src=\"https:\/\/eleanora-allerdings.de\/2021\/wp-content\/uploads\/2021\/06\/PB034207.jpg\" alt=\"\" class=\"wp-image-758 size-full\"\/><\/a><\/figure><div class=\"wp-block-media-text__content\">\n<p class=\"has-text-align-left has-normal-font-size\" style=\"line-height:1.3\"><strong><a rel=\"noreferrer noopener\" href=\"https:\/\/youtu.be\/8Q1L6RuRtYg\" target=\"_blank\">Die schlafenden Sch\u00f6nen<\/a><\/strong><br><sub>schattenreich&nbsp; 2011 Kunstsalon F\u00fcrth<\/sub> <\/p>\n<\/div><\/div>\n\n\n\n<div class=\"wp-block-media-text alignwide is-stacked-on-mobile\" style=\"grid-template-columns:35% auto\"><figure class=\"wp-block-media-text__media\"><a href=\"https:\/\/youtu.be\/Lvq_OUZx9oI\" target=\"_blank\" rel=\"noopener\"><img loading=\"lazy\" decoding=\"async\" width=\"157\" height=\"200\" src=\"https:\/\/eleanora-allerdings.de\/2021\/wp-content\/uploads\/2021\/06\/eleanorai.jpg\" alt=\"\" class=\"wp-image-755 size-full\"\/><\/a><\/figure><div class=\"wp-block-media-text__content\">\n<p class=\"has-text-align-left has-normal-font-size\"><a rel=\"noreferrer noopener\" href=\"https:\/\/youtu.be\/Lvq_OUZx9oI\" target=\"_blank\"><strong>Miss <\/strong><\/a><br><a rel=\"noreferrer noopener\" href=\"https:\/\/youtu.be\/Lvq_OUZx9oI\" target=\"_blank\"><strong>Schuberts Welt<\/strong>&nbsp;<\/a><\/p>\n<\/div><\/div>\n\n\n\n<div class=\"wp-block-media-text alignwide is-stacked-on-mobile\" style=\"grid-template-columns:39% auto\"><figure class=\"wp-block-media-text__media\"><a href=\"https:\/\/youtu.be\/HG8ZehVw5dg\" target=\"_blank\" rel=\"noopener\"><img loading=\"lazy\" decoding=\"async\" width=\"50\" height=\"100\" src=\"https:\/\/eleanora-allerdings.de\/2021\/wp-content\/uploads\/2021\/07\/greetingsii.jpg\" alt=\"\" class=\"wp-image-783 size-full\"\/><\/a><\/figure><div class=\"wp-block-media-text__content\">\n<p class=\"has-text-align-left has-normal-font-size\"><strong><a rel=\"noreferrer noopener\" href=\"https:\/\/youtu.be\/HG8ZehVw5dg\" target=\"_blank\">greetings <\/a><\/strong><br><a rel=\"noreferrer noopener\" href=\"https:\/\/youtu.be\/HG8ZehVw5dg\" target=\"_blank\">(from Russia)<\/a><\/p>\n<\/div><\/div>\n\n\n\n<div class=\"wp-block-media-text alignwide is-stacked-on-mobile is-vertically-aligned-top\" style=\"grid-template-columns:40% auto\"><figure class=\"wp-block-media-text__media\"><a href=\"https:\/\/vimeo.com\/syedtanya\/daughters2007\" target=\"_blank\" rel=\"noopener\"><img loading=\"lazy\" decoding=\"async\" width=\"165\" height=\"99\" src=\"https:\/\/eleanora-allerdings.de\/2021\/wp-content\/uploads\/2021\/07\/JL-hunters5ii.jpg\" alt=\"\" class=\"wp-image-785 size-full\"\/><\/a><\/figure><div class=\"wp-block-media-text__content\">\n<p class=\"has-text-align-left has-normal-font-size\" style=\"line-height:1.3\"><a rel=\"noreferrer noopener\" href=\"https:\/\/vimeo.com\/syedtanya\/daughters2007\" target=\"_blank\"><strong>Daughters <\/strong><\/a><br><a rel=\"noreferrer noopener\" href=\"https:\/\/vimeo.com\/syedtanya\/daughters2007\" target=\"_blank\"><strong>on the mountain<\/strong><\/a> <br><sub> mit Jessica Lerner Wales<\/sub> <sub>2007<\/sub><\/p>\n<\/div><\/div>\n\n\n\n<p class=\"has-text-align-left has-normal-font-size\"><\/p>\n<\/div>\n<\/div>\n\n\n\n<div class=\"wp-block-group alignfull\"><div class=\"wp-block-group__inner-container is-layout-flow wp-block-group-is-layout-flow\"><\/div><\/div>\n\n\n\n<p><\/p>\n","protected":false},"excerpt":{"rendered":"<p>Immerzu tanzend \u2013 forschend &#8211; \u00fcbend \u2013 Projekte ausdenkend und umsetzend &#8211; choreografierend &#8211; Netzwerke und Gruppen gr\u00fcndend und lebendig haltend &#8211; Regie f\u00fchrend &#8211; lernend und lehrend verging die Zeit \u2026 vergeht die Zeit \u2026&nbsp; Interviewausz\u00fcge Theaterp\u00e4dagogik &amp; Demokratie beruflicher Hintergrund Seit 1995 freischaffend als T\u00e4nzerin, Choreografin, Theaterp\u00e4dagogin, Regisseurin 2000 Gr\u00fcndungsmitglied des \u010doj\u010d Theaternetzwerks &hellip; <\/p>\n<p class=\"link-more\"><a href=\"https:\/\/eleanora-allerdings.de\/2021\/about\/\" class=\"more-link\"><span class=\"screen-reader-text\">\u201e\u00dcber mich\u201c <\/span>weiterlesen<\/a><\/p>\n","protected":false},"author":1,"featured_media":137,"parent":0,"menu_order":0,"comment_status":"closed","ping_status":"closed","template":"","meta":{"footnotes":""},"class_list":["post-9","page","type-page","status-publish","has-post-thumbnail","hentry"],"jetpack_sharing_enabled":false,"_links":{"self":[{"href":"https:\/\/eleanora-allerdings.de\/2021\/wp-json\/wp\/v2\/pages\/9","targetHints":{"allow":["GET"]}}],"collection":[{"href":"https:\/\/eleanora-allerdings.de\/2021\/wp-json\/wp\/v2\/pages"}],"about":[{"href":"https:\/\/eleanora-allerdings.de\/2021\/wp-json\/wp\/v2\/types\/page"}],"author":[{"embeddable":true,"href":"https:\/\/eleanora-allerdings.de\/2021\/wp-json\/wp\/v2\/users\/1"}],"replies":[{"embeddable":true,"href":"https:\/\/eleanora-allerdings.de\/2021\/wp-json\/wp\/v2\/comments?post=9"}],"version-history":[{"count":10,"href":"https:\/\/eleanora-allerdings.de\/2021\/wp-json\/wp\/v2\/pages\/9\/revisions"}],"predecessor-version":[{"id":1748,"href":"https:\/\/eleanora-allerdings.de\/2021\/wp-json\/wp\/v2\/pages\/9\/revisions\/1748"}],"wp:featuredmedia":[{"embeddable":true,"href":"https:\/\/eleanora-allerdings.de\/2021\/wp-json\/wp\/v2\/media\/137"}],"wp:attachment":[{"href":"https:\/\/eleanora-allerdings.de\/2021\/wp-json\/wp\/v2\/media?parent=9"}],"curies":[{"name":"wp","href":"https:\/\/api.w.org\/{rel}","templated":true}]}}