{"id":79,"date":"2021-03-21T20:12:39","date_gmt":"2021-03-21T19:12:39","guid":{"rendered":"https:\/\/eleonoraallerdings.wordpress.com\/?page_id=79"},"modified":"2026-03-23T10:38:12","modified_gmt":"2026-03-23T09:38:12","slug":"mitmachen-2","status":"publish","type":"page","link":"https:\/\/eleanora-allerdings.de\/2021\/mitmachen-2\/","title":{"rendered":"MITMACHEN"},"content":{"rendered":"\n<div class=\"wp-block-columns is-layout-flex wp-container-core-columns-is-layout-9d6595d7 wp-block-columns-is-layout-flex\">\n<div class=\"wp-block-column is-layout-flow wp-block-column-is-layout-flow\" style=\"flex-basis:100%\">\n<div class=\"wp-block-group\"><div class=\"wp-block-group__inner-container is-layout-constrained wp-block-group-is-layout-constrained\">\n<div class=\"wp-block-columns is-layout-flex wp-container-core-columns-is-layout-9d6595d7 wp-block-columns-is-layout-flex\">\n<div class=\"wp-block-column is-layout-flow wp-block-column-is-layout-flow\" style=\"flex-basis:100%\">\n<div class=\"wp-block-jetpack-layout-grid alignfull column1-desktop-grid__span-5 column1-desktop-grid__row-1 column2-desktop-grid__span-6 column2-desktop-grid__start-7 column2-desktop-grid__row-1 column1-tablet-grid__span-4 column1-tablet-grid__row-1 column2-tablet-grid__span-4 column2-tablet-grid__start-5 column2-tablet-grid__row-1 column1-mobile-grid__span-4 column1-mobile-grid__row-1 column2-mobile-grid__span-4 column2-mobile-grid__row-2 wp-block-jetpack-layout-gutter__nowrap wp-block-jetpack-layout-gutter__medium\">\n<div class=\"wp-block-jetpack-layout-grid-column wp-block-jetpack-layout-grid__padding-none\">\n<h2 class=\"wp-block-heading\"><mark style=\"background-color:rgba(0, 0, 0, 0)\" class=\"has-inline-color has-vivid-red-color\"><mark style=\"background-color:rgba(0, 0, 0, 0)\" class=\"has-inline-color has-vivid-red-color\"><strong>Linklater Voicemethod &#8211; einsteigen oder auffrischen<\/strong><\/mark><\/mark><\/h2>\n\n\n\n<figure class=\"wp-block-image size-full\"><img loading=\"lazy\" decoding=\"async\" width=\"383\" height=\"259\" src=\"https:\/\/eleanora-allerdings.de\/2021\/wp-content\/uploads\/2026\/03\/grafik-2.png\" alt=\"\" class=\"wp-image-1886\" srcset=\"https:\/\/eleanora-allerdings.de\/2021\/wp-content\/uploads\/2026\/03\/grafik-2.png 383w, https:\/\/eleanora-allerdings.de\/2021\/wp-content\/uploads\/2026\/03\/grafik-2-300x203.png 300w\" sizes=\"auto, (max-width: 383px) 100vw, 383px\" \/><\/figure>\n\n\n\n<p>Die nat\u00fcrliche Stimme befreien \u2013 darum geht es im Wesentlichen in der Linklater Voicemethod. Wo hast du Spannungen aufgebaut, die dich hindern, deine Stimme voll einzusetzen, frei, vernehmlich, ansteckend? Lass mal schauen &amp; lockern!<\/p>\n\n\n\n<p><strong>9.5.26 14:00-17:00 &amp;  10.5.2026 10:00-15:00 Uhr <\/strong>     105,00\u20ac\/85,00\u20ac <a href=\"https:\/\/maps.app.goo.gl\/BtoJi7qt4E4Rtjtc7\">TANZEREI F\u00fcrth<\/a><\/p>\n\n\n\n<p><strong>Interesse? <\/strong>melde dich! <a href=\"mailto:eleanora.allerdings@gmail.com\"><\/a><a href=\"mailto:eleanora.allerdings@gmail.com\">eleanora.allerdings@gmail.com<\/a><\/p>\n\n\n\n<h2 class=\"wp-block-heading\"><strong><strong><mark style=\"background-color:rgba(0, 0, 0, 0)\" class=\"has-inline-color has-vivid-red-color\">tanzn<\/mark><\/strong> community dance 14t\u00e4gig<\/strong><\/h2>\n\n\n\n<figure class=\"wp-block-image size-large is-resized\"><a href=\"#\"><img decoding=\"async\" src=\"https:\/\/eleanora-allerdings.de\/2021\/wp-content\/uploads\/2021\/04\/tanzn_schuhe.jpg?w=525\" alt=\"test2\" class=\"wp-image-262\" style=\"width:243px;height:162px\"\/><\/a><\/figure>\n\n\n\n<p style=\"font-size:14px\"><strong>18:30 Uhr<\/strong> <strong>-20:00<\/strong> <a href=\"https:\/\/maps.app.goo.gl\/BtGdiAzZ36yVmxKZ9\">KUF im S\u00fcdpunkt N\u00fcrnberg<\/a>   Tanztreff f\u00fcr alle Menschen mit Lust auf Tanzen, Bewegung und Begegnung zu unterschiedlicher Musik und mit Tanzelementen aus verschiedenen Stilrichtungen. WILLKOMMEN! Alle Orte &amp; Termine <br>hier <a href=\"http:\/\/tanznnuernberg.de\" data-type=\"URL\" data-id=\"tanznnuernberg.de\" target=\"_blank\" rel=\"noreferrer noopener\"><strong>tanzn homepage<\/strong><\/a><\/p>\n\n\n\n<h2 class=\"wp-block-heading\"><mark style=\"background-color:rgba(0, 0, 0, 0)\" class=\"has-inline-color has-vivid-red-color\"><strong>Einzelstunden<\/strong> <\/mark><\/h2>\n\n\n\n<p><mark style=\"background-color:rgba(0, 0, 0, 0)\" class=\"has-inline-color has-vivid-red-color\">die pers\u00f6nliche Stimme entwickeln<\/mark><\/p>\n\n\n\n<figure class=\"wp-block-image size-large\"><img loading=\"lazy\" decoding=\"async\" width=\"1024\" height=\"767\" src=\"https:\/\/eleanora-allerdings.de\/2021\/wp-content\/uploads\/2025\/11\/1759244701139-1-1024x767.jpg\" alt=\"\" class=\"wp-image-1829\" srcset=\"https:\/\/eleanora-allerdings.de\/2021\/wp-content\/uploads\/2025\/11\/1759244701139-1-1024x767.jpg 1024w, https:\/\/eleanora-allerdings.de\/2021\/wp-content\/uploads\/2025\/11\/1759244701139-1-300x225.jpg 300w, https:\/\/eleanora-allerdings.de\/2021\/wp-content\/uploads\/2025\/11\/1759244701139-1-768x576.jpg 768w, https:\/\/eleanora-allerdings.de\/2021\/wp-content\/uploads\/2025\/11\/1759244701139-1-1536x1151.jpg 1536w, https:\/\/eleanora-allerdings.de\/2021\/wp-content\/uploads\/2025\/11\/1759244701139-1-2048x1535.jpg 2048w\" sizes=\"auto, (max-width: 767px) 89vw, (max-width: 1000px) 54vw, (max-width: 1071px) 543px, 580px\" \/><\/figure>\n\n\n\n<p><strong><em>Individuelles Coaching f\u00fcr Vortrag, Schauspiel, Unterricht  in N\u00fcrnberg oder F\u00fcrth<\/em><\/strong><\/p>\n\n\n\n<p>Einzelstunde \u00e1 60 Minuten 70,00\u20ac <\/p>\n\n\n\n<p>10er Karte 650,00\u20ac<br>5er Karte 325,00\u20ac<\/p>\n\n\n\n<p><strong>Interesse? <\/strong>melde dich! <a href=\"mailto:eleanora.allerdings@gmail.com\">eleanora.allerdings@gmail.com<\/a><\/p>\n<\/div>\n\n\n\n<div class=\"wp-block-jetpack-layout-grid-column wp-block-jetpack-layout-grid__padding-none\">\n<h2 class=\"wp-block-heading\"><strong><mark style=\"background-color:rgba(0, 0, 0, 0)\" class=\"has-inline-color has-vivid-red-color\">let\u00b4s play Spiele hry!<\/mark><\/strong><\/h2>\n\n\n\n<p>Sprach\u00fcbergreifende &amp; spielp\u00e4dagogische Methoden in der Jugendarbeit<\/p>\n\n\n\n<figure class=\"wp-block-image size-full is-resized\"><img loading=\"lazy\" decoding=\"async\" width=\"400\" height=\"500\" src=\"https:\/\/eleanora-allerdings.de\/2021\/wp-content\/uploads\/2026\/03\/lets-play-1.png\" alt=\"\" class=\"wp-image-1898\" style=\"width:244px;height:auto\" srcset=\"https:\/\/eleanora-allerdings.de\/2021\/wp-content\/uploads\/2026\/03\/lets-play-1.png 400w, https:\/\/eleanora-allerdings.de\/2021\/wp-content\/uploads\/2026\/03\/lets-play-1-240x300.png 240w\" sizes=\"auto, (max-width: 400px) 100vw, 400px\" \/><\/figure>\n\n\n\n<p>5.-7.6.2026 in N\u00fcrnberg f\u00fcr ehrenamtliche Jugendleiter:innen und solche, die es werden wollen<\/p>\n\n\n\n<p>mehr Infos &amp; Anmeldung bei<a href=\"https:\/\/cojc.eu\/de\/projekte\/aktuelle-projekte\/cojc-paedagogika-lets-play-spiele-hry\"> cojc Theaternetzwerk B\u00f6hmen Bayern<\/a><\/p>\n<\/div>\n<\/div>\n\n\n\n<pre class=\"wp-block-preformatted\"><\/pre>\n<\/div>\n<\/div>\n<\/div><\/div>\n<\/div>\n<\/div>\n","protected":false},"excerpt":{"rendered":"<p>Linklater Voicemethod &#8211; einsteigen oder auffrischen Die nat\u00fcrliche Stimme befreien \u2013 darum geht es im Wesentlichen in der Linklater Voicemethod. Wo hast du Spannungen aufgebaut, die dich hindern, deine Stimme voll einzusetzen, frei, vernehmlich, ansteckend? Lass mal schauen &amp; lockern! 9.5.26 14:00-17:00 &amp; 10.5.2026 10:00-15:00 Uhr 105,00\u20ac\/85,00\u20ac TANZEREI F\u00fcrth Interesse? melde dich! eleanora.allerdings@gmail.com tanzn community &hellip; <\/p>\n<p class=\"link-more\"><a href=\"https:\/\/eleanora-allerdings.de\/2021\/mitmachen-2\/\" class=\"more-link\"><span class=\"screen-reader-text\">\u201eMITMACHEN\u201c <\/span>weiterlesen<\/a><\/p>\n","protected":false},"author":1,"featured_media":0,"parent":0,"menu_order":0,"comment_status":"closed","ping_status":"closed","template":"","meta":{"footnotes":""},"class_list":["post-79","page","type-page","status-publish","hentry"],"jetpack_sharing_enabled":true,"_links":{"self":[{"href":"https:\/\/eleanora-allerdings.de\/2021\/wp-json\/wp\/v2\/pages\/79","targetHints":{"allow":["GET"]}}],"collection":[{"href":"https:\/\/eleanora-allerdings.de\/2021\/wp-json\/wp\/v2\/pages"}],"about":[{"href":"https:\/\/eleanora-allerdings.de\/2021\/wp-json\/wp\/v2\/types\/page"}],"author":[{"embeddable":true,"href":"https:\/\/eleanora-allerdings.de\/2021\/wp-json\/wp\/v2\/users\/1"}],"replies":[{"embeddable":true,"href":"https:\/\/eleanora-allerdings.de\/2021\/wp-json\/wp\/v2\/comments?post=79"}],"version-history":[{"count":10,"href":"https:\/\/eleanora-allerdings.de\/2021\/wp-json\/wp\/v2\/pages\/79\/revisions"}],"predecessor-version":[{"id":1899,"href":"https:\/\/eleanora-allerdings.de\/2021\/wp-json\/wp\/v2\/pages\/79\/revisions\/1899"}],"wp:attachment":[{"href":"https:\/\/eleanora-allerdings.de\/2021\/wp-json\/wp\/v2\/media?parent=79"}],"curies":[{"name":"wp","href":"https:\/\/api.w.org\/{rel}","templated":true}]}}