{"id":453,"date":"2021-05-02T22:15:39","date_gmt":"2021-05-02T20:15:39","guid":{"rendered":"https:\/\/eleonoraallerdings.wordpress.com\/?page_id=453"},"modified":"2021-08-27T13:30:09","modified_gmt":"2021-08-27T11:30:09","slug":"gametheater","status":"publish","type":"page","link":"https:\/\/eleanora-allerdings.de\/2021\/gametheater\/","title":{"rendered":"gametheater"},"content":{"rendered":"\n<p class=\"has-text-color\" style=\"color:#ad7521\">Gametheater ist eine Spielform, die Theater und Videogames verbindet und die Zuschauer als player in die Entscheidungen des Spielverlaufs einbezieht. Eine interaktive Form des Theaters, die analog oder digital umgesetzt werden kann.<\/p>\n\n\n\n<p class=\"has-text-color\" style=\"color:#ad7521\">Eine professionelle digitale Umsetzung kann man im Rahmen des Games &amp; Festivals am 22. und 23. Oktober in N\u00fcrnberg erleben: <strong><a href=\"https:\/\/gamesandfestival.de\/\" target=\"_blank\" rel=\"noreferrer noopener\">Games &amp; Festival 2021<\/a><\/strong><\/p>\n\n\n\n<p class=\"has-text-color\" style=\"color:#ad7521\">Au\u00dferdem biete ich mit meinem Kollegen J\u00f6rg Hundsdorfer eine theaterp\u00e4dagogische Form des gametheaters f\u00fcr Jugendliche an.<\/p>\n\n\n\n<div class=\"wp-block-jetpack-layout-grid alignfull column1-desktop-grid__span-5 column1-desktop-grid__row-1 column2-desktop-grid__span-5 column2-desktop-grid__start-7 column2-desktop-grid__row-1 column1-tablet-grid__span-4 column1-tablet-grid__row-1 column2-tablet-grid__span-4 column2-tablet-grid__start-5 column2-tablet-grid__row-1 column1-mobile-grid__span-4 column1-mobile-grid__row-1 column2-mobile-grid__span-4 column2-mobile-grid__row-2 wp-block-jetpack-layout-gutter__nowrap wp-block-jetpack-layout-gutter__none\">\n<div class=\"wp-block-jetpack-layout-grid-column wp-block-jetpack-layout-grid__padding-none\">\n<p style=\"font-size:14px\"><strong><strong>next upgrade<\/strong><\/strong> Okt 2021<\/p>\n\n\n\n<p style=\"font-size:14px\">gef\u00f6rdert durch den Fonds Soziokultur<strong><br><\/strong><\/p>\n\n\n\n<figure class=\"wp-block-image size-large\"><img decoding=\"async\" src=\"https:\/\/eleanora-allerdings.de\/2021\/wp-content\/uploads\/2021\/08\/nextupgrade_Comic-1-1024x613.jpg\" alt=\"\" class=\"wp-image-917\"\/><figcaption>gametheater im Haus des Spiels, N\u00fcrnberg<\/figcaption><\/figure>\n\n\n\n<p><\/p>\n<\/div>\n\n\n\n<div class=\"wp-block-jetpack-layout-grid-column wp-block-jetpack-layout-grid__padding-none\">\n<p style=\"font-size:14px\"><strong><strong>Miss Schuberts Welt<\/strong><\/strong><br>click and play adventure<\/p>\n\n\n\n<figure class=\"wp-block-image size-full\"><img decoding=\"async\" src=\"https:\/\/eleanora-allerdings.de\/2021\/wp-content\/uploads\/2021\/08\/eleanorai.jpg\" alt=\"\" class=\"wp-image-926\"\/><figcaption>Solo, 2002<\/figcaption><\/figure>\n\n\n\n<div style=\"height:37px\" aria-hidden=\"true\" class=\"wp-block-spacer\"><\/div>\n\n\n\n<p class=\"margin-top-half has-small-font-size\">.   <\/p>\n\n\n\n<div style=\"height:64px\" aria-hidden=\"true\" class=\"wp-block-spacer\"><\/div>\n<\/div>\n<\/div>\n","protected":false},"excerpt":{"rendered":"<p>Gametheater ist eine Spielform, die Theater und Videogames verbindet und die Zuschauer als player in die Entscheidungen des Spielverlaufs einbezieht. Eine interaktive Form des Theaters, die analog oder digital umgesetzt werden kann. Eine professionelle digitale Umsetzung kann man im Rahmen des Games &amp; Festivals am 22. und 23. Oktober in N\u00fcrnberg erleben: Games &amp; Festival &hellip; <\/p>\n<p class=\"link-more\"><a href=\"https:\/\/eleanora-allerdings.de\/2021\/gametheater\/\" class=\"more-link\"><span class=\"screen-reader-text\">\u201egametheater\u201c <\/span>weiterlesen<\/a><\/p>\n","protected":false},"author":1,"featured_media":0,"parent":0,"menu_order":0,"comment_status":"closed","ping_status":"closed","template":"","meta":{"footnotes":""},"class_list":["post-453","page","type-page","status-publish","hentry"],"jetpack_sharing_enabled":true,"_links":{"self":[{"href":"https:\/\/eleanora-allerdings.de\/2021\/wp-json\/wp\/v2\/pages\/453","targetHints":{"allow":["GET"]}}],"collection":[{"href":"https:\/\/eleanora-allerdings.de\/2021\/wp-json\/wp\/v2\/pages"}],"about":[{"href":"https:\/\/eleanora-allerdings.de\/2021\/wp-json\/wp\/v2\/types\/page"}],"author":[{"embeddable":true,"href":"https:\/\/eleanora-allerdings.de\/2021\/wp-json\/wp\/v2\/users\/1"}],"replies":[{"embeddable":true,"href":"https:\/\/eleanora-allerdings.de\/2021\/wp-json\/wp\/v2\/comments?post=453"}],"version-history":[{"count":9,"href":"https:\/\/eleanora-allerdings.de\/2021\/wp-json\/wp\/v2\/pages\/453\/revisions"}],"predecessor-version":[{"id":941,"href":"https:\/\/eleanora-allerdings.de\/2021\/wp-json\/wp\/v2\/pages\/453\/revisions\/941"}],"wp:attachment":[{"href":"https:\/\/eleanora-allerdings.de\/2021\/wp-json\/wp\/v2\/media?parent=453"}],"curies":[{"name":"wp","href":"https:\/\/api.w.org\/{rel}","templated":true}]}}