{"id":432,"date":"2021-05-02T22:12:17","date_gmt":"2021-05-02T20:12:17","guid":{"rendered":"https:\/\/eleonoraallerdings.wordpress.com\/?page_id=432"},"modified":"2021-08-27T13:52:05","modified_gmt":"2021-08-27T11:52:05","slug":"paedagogik","status":"publish","type":"page","link":"https:\/\/eleanora-allerdings.de\/2021\/paedagogik\/","title":{"rendered":"P\u00e4dagogik"},"content":{"rendered":"\n<p class=\"has-text-color\" style=\"color:#ad7521\">Seit meinem ersten Theaterworkshop mit 13 Jahren habe ich immer auch selbst Theatergruppen geleitet, Workshops veranstaltet oder Unterricht gegeben. Manchmal war der Unterricht ausgelegt auf Experimente und St\u00fcckentwicklung, manchmal konzentriert auf Vermittlung von Fertigkeiten. <br>Hier finden sich meine Prinzipien zum Bewegungsunterricht. <br>Meine zentralen Pr\u00e4missen lauten:<\/p>\n\n\n\n<div class=\"wp-block-jetpack-layout-grid alignfull column1-desktop-grid__span-5 column1-desktop-grid__row-1 column2-desktop-grid__span-5 column2-desktop-grid__start-7 column2-desktop-grid__row-1 column1-tablet-grid__span-4 column1-tablet-grid__row-1 column2-tablet-grid__span-4 column2-tablet-grid__start-5 column2-tablet-grid__row-1 column1-mobile-grid__span-4 column1-mobile-grid__row-1 column2-mobile-grid__span-4 column2-mobile-grid__row-2 wp-block-jetpack-layout-gutter__nowrap wp-block-jetpack-layout-gutter__none\">\n<div class=\"wp-block-jetpack-layout-grid-column wp-block-jetpack-layout-grid__padding-none\">\n<p style=\"font-size:14px\">Die <strong>Wahrnehmung<\/strong> f\u00fcr den eigenen K\u00f6rper zu schulen ist die Grundvoraussetzung f\u00fcr alle weiteren Schritte des Bewegungsunterrichts &#8211; zur Verletzungspr\u00e4vention und als Grundlage f\u00fcr die korrekte Ausf\u00fchrung vorgegebener Bewegungsmuster; das Training findet deswegen &#8211; zumindest anfangs &#8211; ohne Spiegel statt<\/p>\n\n\n\n<p style=\"font-size:14px\">Bewegung sollte gelehrt werden mit Augenmerk auf<br>&#8211; Wiederholung und Verfeinerung (Distinktion)<br>&#8211; sprachlich angemessene Vermittlung (korrekte und ausf\u00fchrliche Benennung der vorgegebenen Bewegungsabl\u00e4ufe)<br>&#8211; Wissen um die Einsatzm\u00f6glichkeiten und die Wirkmacht von Bildern\/Metaphern<\/p>\n\n\n\n<p style=\"font-size:14px\"><strong>Rhythmus ja, Tempo nein<\/strong><\/p>\n\n\n\n<p style=\"font-size:14px\">&#8211; <strong>Rhythmus<\/strong> meint die bewusste Gestaltung des Trainings in Hinsicht auf die Auswahl und Sequenzierung von Bewegungen unterschiedlicher Energieniveaus und Merkmale; sie finden von Anfang an mit rhythmischer Ordnung statt<\/p>\n\n\n\n<p style=\"font-size:14px\">&#8211; es wird in <strong>langsamem<\/strong> <strong>Tempo<\/strong> gelehrt, da hohe Geschwindigkeit im Input und beim Lehren einzelner Bewegungen Stress erzeugen und einer spezifischen Wahrnehmung abtr\u00e4glich sind. Sobald Abl\u00e4ufe vertraut sind, kann es durchaus sportlich werden.<\/p>\n\n\n\n<p style=\"font-size:14px\">Ausgehend von meiner Besch\u00e4ftigung mit dem Linklater-Stimm-Training weise ich auf den Einsatz der Stimme der Lehrenden als Motivationstr\u00e4ger und Rhythmusgeber hin; im physischen Theater ist das Training der Stimme selbst auch Teil des allgemeinen K\u00f6rpertrainings<\/p>\n\n\n\n<p style=\"font-size:14px\"><strong>Training<\/strong> wird in der Regel ohne Musik durchgef\u00fchrt, um Aufmerksamkeit ungefiltert auf die Bewegung zu richten.\u00a0<\/p>\n\n\n\n<figure class=\"wp-block-image size-large is-resized is-style-default\"><img loading=\"lazy\" decoding=\"async\" src=\"https:\/\/eleanora-allerdings.de\/2021\/wp-content\/uploads\/2021\/08\/IMG_2195-768x1024.jpg\" alt=\"\" class=\"wp-image-933\" width=\"278\" height=\"371\"\/><\/figure>\n<\/div>\n\n\n\n<div class=\"wp-block-jetpack-layout-grid-column wp-block-jetpack-layout-grid__padding-none\">\n<p style=\"font-size:14px\"><strong>Lernen<\/strong> findet in verschiedenen Raumkonstellationen statt. Der konventionelle Unterricht nutzt vor allem die frontale Ausrichtung in Reihen und die Diagonale f\u00fcr raumgreifende Schritte. Ich liebe die Erweiterung auf ein Training im Kreis, teilweise mit Handfassungen f\u00fcr Balance\u00fcbungen. Der Kreis ruft ein Ensemblegef\u00fchl auf und weitet den Blick aller Sch\u00fcler*innen auf Unterschiede und \u00c4hnlichkeiten verschiedener K\u00f6rper<\/p>\n\n\n\n<p style=\"font-size:14px\">Das <strong>Bewusstsein<\/strong> f\u00fcr Richtungen im K\u00f6rper und Raum wird sowohl im Kreis als auch in anderen Raumformen geschult<\/p>\n\n\n\n<p style=\"font-size:14px\">Im sogenannten <strong>&#8222;kinesthetischen warm-up&#8220;<\/strong> setzen die Sch\u00fcler*innen verschiedene Bewegungsprinzipien eigenst\u00e4ndig und spielerisch im Raum um; hier wird in der Regel Musik eingesetzt<\/p>\n\n\n\n<p style=\"font-size:14px\">Alle <strong>Unterrichtsinhalte<\/strong>, d.h. die Auswahl der Bewegungen, die modellhaft beigebracht werden, sollen mit einem grunds\u00e4tzlichen Verst\u00e4ndnis von Anatomie (Artikulationsm\u00f6glichkeiten der verschiedenen Gelenke, das Zusammenspiel verschiedener Systeme wie Muskeln\/Sehnen\/Faszien) unterf\u00fcttert sein und entsprechend vermittelt werden<\/p>\n\n\n\n<p style=\"font-size:14px\">Ich setze im Training \u00dcbungen in direktem K\u00f6rperkontakt, im Paar oder Trio, ein, aus der Kontaktimprovisation oder aus dem physischen Theater sowie Beobachtungs\u00fcbungen im Paar zur Schulung der Wahrnehmung von Bewegung aus der Au\u00dfenperspektive mit einem Beschreibungsauftrag, der die eigene Wahrnehmung weiter verfeinert<\/p>\n\n\n\n<p style=\"font-size:14px\"><strong>BEWEGUNG<\/strong> schlie\u00dft <strong>TANZEN<\/strong> mit ein. In den verschiedenen Tanzstilen gibt es nat\u00fcrlich verschiedene normative Kriterien f\u00fcr Bewegungen. Ich selbst finde es sch\u00f6ner, im Tanzen die Bewegungsfreiheit zu feiern &#8211; und daf\u00fcr m\u00f6chte ich die bestm\u00f6glichen Grundlagen geben. Damit ausgestattet l\u00e4sst sich auch beim Lernen spezifischer Stile nichts falsch machen. &#8211; W\u00e4hrend bei der Eigensch\u00f6pfung von Tanz nichts wichtiger ist, als auf die eigene Wahrnehmung vertrauen zu k\u00f6nnen und an der individuellen Auseinandersetzung mit \u00e4sthetischen Fragen zu reifen.<\/p>\n\n\n\n<p class=\"margin-top-half has-small-font-size\">.   <\/p>\n\n\n\n<div style=\"height:64px\" aria-hidden=\"true\" class=\"wp-block-spacer\"><\/div>\n<\/div>\n<\/div>\n","protected":false},"excerpt":{"rendered":"<p>Seit meinem ersten Theaterworkshop mit 13 Jahren habe ich immer auch selbst Theatergruppen geleitet, Workshops veranstaltet oder Unterricht gegeben. Manchmal war der Unterricht ausgelegt auf Experimente und St\u00fcckentwicklung, manchmal konzentriert auf Vermittlung von Fertigkeiten. Hier finden sich meine Prinzipien zum Bewegungsunterricht. Meine zentralen Pr\u00e4missen lauten: Die Wahrnehmung f\u00fcr den eigenen K\u00f6rper zu schulen ist die &hellip; <\/p>\n<p class=\"link-more\"><a href=\"https:\/\/eleanora-allerdings.de\/2021\/paedagogik\/\" class=\"more-link\"><span class=\"screen-reader-text\">\u201eP\u00e4dagogik\u201c <\/span>weiterlesen<\/a><\/p>\n","protected":false},"author":1,"featured_media":0,"parent":0,"menu_order":0,"comment_status":"closed","ping_status":"closed","template":"","meta":{"footnotes":""},"class_list":["post-432","page","type-page","status-publish","hentry"],"jetpack_sharing_enabled":true,"_links":{"self":[{"href":"https:\/\/eleanora-allerdings.de\/2021\/wp-json\/wp\/v2\/pages\/432","targetHints":{"allow":["GET"]}}],"collection":[{"href":"https:\/\/eleanora-allerdings.de\/2021\/wp-json\/wp\/v2\/pages"}],"about":[{"href":"https:\/\/eleanora-allerdings.de\/2021\/wp-json\/wp\/v2\/types\/page"}],"author":[{"embeddable":true,"href":"https:\/\/eleanora-allerdings.de\/2021\/wp-json\/wp\/v2\/users\/1"}],"replies":[{"embeddable":true,"href":"https:\/\/eleanora-allerdings.de\/2021\/wp-json\/wp\/v2\/comments?post=432"}],"version-history":[{"count":5,"href":"https:\/\/eleanora-allerdings.de\/2021\/wp-json\/wp\/v2\/pages\/432\/revisions"}],"predecessor-version":[{"id":948,"href":"https:\/\/eleanora-allerdings.de\/2021\/wp-json\/wp\/v2\/pages\/432\/revisions\/948"}],"wp:attachment":[{"href":"https:\/\/eleanora-allerdings.de\/2021\/wp-json\/wp\/v2\/media?parent=432"}],"curies":[{"name":"wp","href":"https:\/\/api.w.org\/{rel}","templated":true}]}}