{"id":425,"date":"2021-05-02T22:12:12","date_gmt":"2021-05-02T20:12:12","guid":{"rendered":"https:\/\/eleonoraallerdings.wordpress.com\/?page_id=425"},"modified":"2021-08-27T13:37:34","modified_gmt":"2021-08-27T11:37:34","slug":"bewegung","status":"publish","type":"page","link":"https:\/\/eleanora-allerdings.de\/2021\/bewegung\/","title":{"rendered":"Bewegung"},"content":{"rendered":"\n<p class=\"has-text-color\" style=\"color:#ad7521\">Bewegungsforschung und Lehren \/ Lernen liegen f\u00fcr mich sehr nahe beieinander. Beides sind kreative Wege, Bewegung und ihre Verk\u00f6rperung durch Menschen zu betrachten und zu erforschen. Die Klasse oder das Studio sind das Labor, in dem wir Bewegungen auf den Grund gehen, Muster analysieren, neue \u00dcbungen erfinden, Kompositionsprinzipien formulieren.&nbsp;<\/p>\n\n\n\n<p class=\"has-text-color\" style=\"color:#ad7521\">Immer auf der Suche nach neuen Fragen und pers\u00f6nlichen Herausforderungen &#8211; und mit jeder Aufgabe w\u00e4chst die Palette m\u00f6glicher L\u00f6sungen.<\/p>\n","protected":false},"excerpt":{"rendered":"<p>Bewegungsforschung und Lehren \/ Lernen liegen f\u00fcr mich sehr nahe beieinander. Beides sind kreative Wege, Bewegung und ihre Verk\u00f6rperung durch Menschen zu betrachten und zu erforschen. Die Klasse oder das Studio sind das Labor, in dem wir Bewegungen auf den Grund gehen, Muster analysieren, neue \u00dcbungen erfinden, Kompositionsprinzipien formulieren.&nbsp; Immer auf der Suche nach neuen &hellip; <\/p>\n<p class=\"link-more\"><a href=\"https:\/\/eleanora-allerdings.de\/2021\/bewegung\/\" class=\"more-link\"><span class=\"screen-reader-text\">\u201eBewegung\u201c <\/span>weiterlesen<\/a><\/p>\n","protected":false},"author":1,"featured_media":148,"parent":0,"menu_order":0,"comment_status":"closed","ping_status":"closed","template":"","meta":{"footnotes":""},"class_list":["post-425","page","type-page","status-publish","has-post-thumbnail","hentry"],"jetpack_sharing_enabled":true,"_links":{"self":[{"href":"https:\/\/eleanora-allerdings.de\/2021\/wp-json\/wp\/v2\/pages\/425","targetHints":{"allow":["GET"]}}],"collection":[{"href":"https:\/\/eleanora-allerdings.de\/2021\/wp-json\/wp\/v2\/pages"}],"about":[{"href":"https:\/\/eleanora-allerdings.de\/2021\/wp-json\/wp\/v2\/types\/page"}],"author":[{"embeddable":true,"href":"https:\/\/eleanora-allerdings.de\/2021\/wp-json\/wp\/v2\/users\/1"}],"replies":[{"embeddable":true,"href":"https:\/\/eleanora-allerdings.de\/2021\/wp-json\/wp\/v2\/comments?post=425"}],"version-history":[{"count":4,"href":"https:\/\/eleanora-allerdings.de\/2021\/wp-json\/wp\/v2\/pages\/425\/revisions"}],"predecessor-version":[{"id":944,"href":"https:\/\/eleanora-allerdings.de\/2021\/wp-json\/wp\/v2\/pages\/425\/revisions\/944"}],"wp:featuredmedia":[{"embeddable":true,"href":"https:\/\/eleanora-allerdings.de\/2021\/wp-json\/wp\/v2\/media\/148"}],"wp:attachment":[{"href":"https:\/\/eleanora-allerdings.de\/2021\/wp-json\/wp\/v2\/media?parent=425"}],"curies":[{"name":"wp","href":"https:\/\/api.w.org\/{rel}","templated":true}]}}