{"id":424,"date":"2021-05-02T22:12:11","date_gmt":"2021-05-02T20:12:11","guid":{"rendered":"https:\/\/eleonoraallerdings.wordpress.com\/?page_id=424"},"modified":"2026-02-12T11:57:07","modified_gmt":"2026-02-12T10:57:07","slug":"stimme","status":"publish","type":"page","link":"https:\/\/eleanora-allerdings.de\/2021\/stimme\/","title":{"rendered":"die nat\u00fcrliche Stimme befreien"},"content":{"rendered":"\n<div class=\"alignnormal\"><div id=\"metaslider-id-1475\" style=\"width: 100%;\" class=\"ml-slider-3-105-0 metaslider metaslider-flex metaslider-1475 ml-slider has-dots-nav ms-theme-default\" role=\"region\" aria-label=\"New Slideshow\" data-height=\"300\" data-width=\"900\">\n    <div id=\"metaslider_container_1475\">\n        <div id=\"metaslider_1475\">\n            <ul class='slides'>\n                <li style=\"display: block; width: 100%;\" class=\"slide-1476 ms-image \" aria-roledescription=\"slide\" data-date=\"2023-09-18 21:39:19\" data-filename=\"b-PCHE6489-scaled.jpg\" data-slide-type=\"image\"><img loading=\"lazy\" decoding=\"async\" width=\"2560\" height=\"1707\" src=\"https:\/\/eleanora-allerdings.de\/2021\/wp-content\/uploads\/2023\/08\/b-PCHE6489-scaled.jpg\" class=\"slider-1475 slide-1476 msDefaultImage\" alt=\"\" rel=\"\" title=\"b-PCHE6489\" srcset=\"https:\/\/eleanora-allerdings.de\/2021\/wp-content\/uploads\/2023\/08\/b-PCHE6489-scaled.jpg 2560w, https:\/\/eleanora-allerdings.de\/2021\/wp-content\/uploads\/2023\/08\/b-PCHE6489-300x200.jpg 300w, https:\/\/eleanora-allerdings.de\/2021\/wp-content\/uploads\/2023\/08\/b-PCHE6489-1024x683.jpg 1024w, https:\/\/eleanora-allerdings.de\/2021\/wp-content\/uploads\/2023\/08\/b-PCHE6489-768x512.jpg 768w, https:\/\/eleanora-allerdings.de\/2021\/wp-content\/uploads\/2023\/08\/b-PCHE6489-1536x1024.jpg 1536w, https:\/\/eleanora-allerdings.de\/2021\/wp-content\/uploads\/2023\/08\/b-PCHE6489-2048x1365.jpg 2048w\" sizes=\"auto, 100vw\" \/><\/li>\n                <li style=\"display: none; width: 100%;\" class=\"slide-1477 ms-image \" aria-roledescription=\"slide\" data-date=\"2023-09-18 21:40:14\" data-filename=\"b-PCHE6493-scaled.jpg\" data-slide-type=\"image\"><img loading=\"lazy\" decoding=\"async\" width=\"2560\" height=\"1707\" src=\"https:\/\/eleanora-allerdings.de\/2021\/wp-content\/uploads\/2023\/08\/b-PCHE6493-scaled.jpg\" class=\"slider-1475 slide-1477 msDefaultImage\" alt=\"\" rel=\"\" title=\"b-PCHE6493\" srcset=\"https:\/\/eleanora-allerdings.de\/2021\/wp-content\/uploads\/2023\/08\/b-PCHE6493-scaled.jpg 2560w, https:\/\/eleanora-allerdings.de\/2021\/wp-content\/uploads\/2023\/08\/b-PCHE6493-300x200.jpg 300w, https:\/\/eleanora-allerdings.de\/2021\/wp-content\/uploads\/2023\/08\/b-PCHE6493-1024x683.jpg 1024w, https:\/\/eleanora-allerdings.de\/2021\/wp-content\/uploads\/2023\/08\/b-PCHE6493-768x512.jpg 768w, https:\/\/eleanora-allerdings.de\/2021\/wp-content\/uploads\/2023\/08\/b-PCHE6493-1536x1024.jpg 1536w, https:\/\/eleanora-allerdings.de\/2021\/wp-content\/uploads\/2023\/08\/b-PCHE6493-2048x1365.jpg 2048w\" sizes=\"auto, 100vw\" \/><\/li>\n                <li style=\"display: none; width: 100%;\" class=\"slide-1478 ms-image \" aria-roledescription=\"slide\" data-date=\"2023-09-18 21:40:37\" data-filename=\"b-PCHE6495-scaled.jpg\" data-slide-type=\"image\"><img loading=\"lazy\" decoding=\"async\" width=\"2560\" height=\"1707\" src=\"https:\/\/eleanora-allerdings.de\/2021\/wp-content\/uploads\/2023\/08\/b-PCHE6495-scaled.jpg\" class=\"slider-1475 slide-1478 msDefaultImage\" alt=\"\" rel=\"\" title=\"b-PCHE6495\" srcset=\"https:\/\/eleanora-allerdings.de\/2021\/wp-content\/uploads\/2023\/08\/b-PCHE6495-scaled.jpg 2560w, https:\/\/eleanora-allerdings.de\/2021\/wp-content\/uploads\/2023\/08\/b-PCHE6495-300x200.jpg 300w, https:\/\/eleanora-allerdings.de\/2021\/wp-content\/uploads\/2023\/08\/b-PCHE6495-1024x683.jpg 1024w, https:\/\/eleanora-allerdings.de\/2021\/wp-content\/uploads\/2023\/08\/b-PCHE6495-768x512.jpg 768w, https:\/\/eleanora-allerdings.de\/2021\/wp-content\/uploads\/2023\/08\/b-PCHE6495-1536x1024.jpg 1536w, https:\/\/eleanora-allerdings.de\/2021\/wp-content\/uploads\/2023\/08\/b-PCHE6495-2048x1365.jpg 2048w\" sizes=\"auto, 100vw\" \/><\/li>\n                <li style=\"display: none; width: 100%;\" class=\"slide-1479 ms-image \" aria-roledescription=\"slide\" data-date=\"2023-09-18 21:42:13\" data-filename=\"b-PCHE6538-scaled-e1769078219489.jpg\" data-slide-type=\"image\"><img loading=\"lazy\" decoding=\"async\" width=\"2440\" height=\"1335\" src=\"https:\/\/eleanora-allerdings.de\/2021\/wp-content\/uploads\/2023\/08\/b-PCHE6538-scaled-e1769078219489.jpg\" class=\"slider-1475 slide-1479 msDefaultImage\" alt=\"\" rel=\"\" title=\"b-PCHE6538\" srcset=\"https:\/\/eleanora-allerdings.de\/2021\/wp-content\/uploads\/2023\/08\/b-PCHE6538-scaled-e1769078219489.jpg 2440w, https:\/\/eleanora-allerdings.de\/2021\/wp-content\/uploads\/2023\/08\/b-PCHE6538-scaled-e1769078219489-300x164.jpg 300w, https:\/\/eleanora-allerdings.de\/2021\/wp-content\/uploads\/2023\/08\/b-PCHE6538-scaled-e1769078219489-1024x560.jpg 1024w, https:\/\/eleanora-allerdings.de\/2021\/wp-content\/uploads\/2023\/08\/b-PCHE6538-scaled-e1769078219489-768x420.jpg 768w, https:\/\/eleanora-allerdings.de\/2021\/wp-content\/uploads\/2023\/08\/b-PCHE6538-scaled-e1769078219489-1536x840.jpg 1536w, https:\/\/eleanora-allerdings.de\/2021\/wp-content\/uploads\/2023\/08\/b-PCHE6538-scaled-e1769078219489-2048x1121.jpg 2048w\" sizes=\"auto, 100vw\" \/><\/li>\n                <li style=\"display: none; width: 100%;\" class=\"slide-1480 ms-image \" aria-roledescription=\"slide\" data-date=\"2023-09-18 21:44:16\" data-filename=\"b-PCHE6610-scaled.jpg\" data-slide-type=\"image\"><img loading=\"lazy\" decoding=\"async\" width=\"2560\" height=\"1707\" src=\"https:\/\/eleanora-allerdings.de\/2021\/wp-content\/uploads\/2023\/08\/b-PCHE6610-scaled.jpg\" class=\"slider-1475 slide-1480 msDefaultImage\" alt=\"\" rel=\"\" title=\"b-PCHE6610\" srcset=\"https:\/\/eleanora-allerdings.de\/2021\/wp-content\/uploads\/2023\/08\/b-PCHE6610-scaled.jpg 2560w, https:\/\/eleanora-allerdings.de\/2021\/wp-content\/uploads\/2023\/08\/b-PCHE6610-300x200.jpg 300w, https:\/\/eleanora-allerdings.de\/2021\/wp-content\/uploads\/2023\/08\/b-PCHE6610-1024x683.jpg 1024w, https:\/\/eleanora-allerdings.de\/2021\/wp-content\/uploads\/2023\/08\/b-PCHE6610-768x512.jpg 768w, https:\/\/eleanora-allerdings.de\/2021\/wp-content\/uploads\/2023\/08\/b-PCHE6610-1536x1024.jpg 1536w, https:\/\/eleanora-allerdings.de\/2021\/wp-content\/uploads\/2023\/08\/b-PCHE6610-2048x1365.jpg 2048w\" sizes=\"auto, 100vw\" \/><\/li>\n            <\/ul>\n        <\/div>\n        \n    <\/div>\n<\/div><\/div>\n\n\n\n<p class=\"has-text-color\" style=\"color:#ad7521\">(Fast) jeder Mensch kommt mit einer gesunden, lauten, ausdrucksstarken Stimme auf die Welt. Was geschieht, dass sie so Vielen von uns im Laufe des Erwachsenwerdens abhandenkommt? Leise wird, gedr\u00fcckt, aufgeregt, von harten Kiefermuskeln und festen Lippen zur\u00fcckgehalten?&nbsp; Im Zentrum der Arbeit mit der Linklater Voicemethod steht das L\u00f6sen von Spannungen und Blockaden im gesamten K\u00f6rper, das schrittweise Befreien der nat\u00fcrlichen Stimme und die Entwicklung ihres vollen Potentials f\u00fcr Kommunikation und Gestaltung.<\/p>\n\n\n\n<p>Seit 2008 begleitet die <strong>Kristin Linklater Voice Method <\/strong>meine k\u00f6rperlichen Forschungen und sorgt f\u00fcr neue Verbindungen und Entdeckungen. Seit 2023 bin ich zertifizierte Stimmtrainerin (DLT).<\/p>\n\n\n\n<p><strong>Einzelcoaching:<\/strong> <br>70,00 \u20ac\/60 Minuten &#8211; 10er Karte: 650,00 \u20ac &#8211; 5er Karte: 325,00 \u20ac<\/p>\n\n\n\n<p><strong>Bei Fragen rufe gerne an! <\/strong>   0176 43801025<\/p>\n\n\n\n<p><\/p>\n\n\n\n<p class=\"has-text-color\" style=\"color:#ad7521\"><\/p>\n\n\n\n<p><\/p>\n","protected":false},"excerpt":{"rendered":"<p>(Fast) jeder Mensch kommt mit einer gesunden, lauten, ausdrucksstarken Stimme auf die Welt. Was geschieht, dass sie so Vielen von uns im Laufe des Erwachsenwerdens abhandenkommt? Leise wird, gedr\u00fcckt, aufgeregt, von harten Kiefermuskeln und festen Lippen zur\u00fcckgehalten?&nbsp; Im Zentrum der Arbeit mit der Linklater Voicemethod steht das L\u00f6sen von Spannungen und Blockaden im gesamten K\u00f6rper, &hellip; <\/p>\n<p class=\"link-more\"><a href=\"https:\/\/eleanora-allerdings.de\/2021\/stimme\/\" class=\"more-link\"><span class=\"screen-reader-text\">\u201edie nat\u00fcrliche Stimme befreien\u201c <\/span>weiterlesen<\/a><\/p>\n","protected":false},"author":2,"featured_media":0,"parent":0,"menu_order":0,"comment_status":"closed","ping_status":"closed","template":"","meta":{"footnotes":""},"class_list":["post-424","page","type-page","status-publish","hentry"],"jetpack_sharing_enabled":true,"_links":{"self":[{"href":"https:\/\/eleanora-allerdings.de\/2021\/wp-json\/wp\/v2\/pages\/424","targetHints":{"allow":["GET"]}}],"collection":[{"href":"https:\/\/eleanora-allerdings.de\/2021\/wp-json\/wp\/v2\/pages"}],"about":[{"href":"https:\/\/eleanora-allerdings.de\/2021\/wp-json\/wp\/v2\/types\/page"}],"author":[{"embeddable":true,"href":"https:\/\/eleanora-allerdings.de\/2021\/wp-json\/wp\/v2\/users\/2"}],"replies":[{"embeddable":true,"href":"https:\/\/eleanora-allerdings.de\/2021\/wp-json\/wp\/v2\/comments?post=424"}],"version-history":[{"count":10,"href":"https:\/\/eleanora-allerdings.de\/2021\/wp-json\/wp\/v2\/pages\/424\/revisions"}],"predecessor-version":[{"id":1853,"href":"https:\/\/eleanora-allerdings.de\/2021\/wp-json\/wp\/v2\/pages\/424\/revisions\/1853"}],"wp:attachment":[{"href":"https:\/\/eleanora-allerdings.de\/2021\/wp-json\/wp\/v2\/media?parent=424"}],"curies":[{"name":"wp","href":"https:\/\/api.w.org\/{rel}","templated":true}]}}