{"id":389,"date":"2021-05-01T21:04:19","date_gmt":"2021-05-01T19:04:19","guid":{"rendered":"https:\/\/eleonoraallerdings.wordpress.com\/?page_id=389"},"modified":"2021-08-16T20:30:05","modified_gmt":"2021-08-16T18:30:05","slug":"jugendlichen","status":"publish","type":"page","link":"https:\/\/eleanora-allerdings.de\/2021\/jugendlichen\/","title":{"rendered":"+ Jugendliche"},"content":{"rendered":"\n<p class=\"has-text-color\" style=\"color:#ad7521\">Mit Jugendlichen Theater zu machen hei\u00dft, sich dem Unbehagen und bohrenden Fragen dieses Alters zu stellen. Es hei\u00dft aber auch, weite Tore in die Welt aufzusto\u00dfen und sich zu trauen, hinaus zu gehen\u2026<br>Meine meisten Projekte mit Jugendlichen habe ich im Rahmen <br>des \u010doj\u010d Theater Netzwerk B\u00f6hmen Bayern geleitet &#8211; z.B.<\/p>\n\n\n\n<div class=\"wp-block-jetpack-layout-grid alignfull column1-desktop-grid__span-5 column1-desktop-grid__row-1 column2-desktop-grid__span-5 column2-desktop-grid__start-7 column2-desktop-grid__row-1 column1-tablet-grid__span-4 column1-tablet-grid__row-1 column2-tablet-grid__span-4 column2-tablet-grid__start-5 column2-tablet-grid__row-1 column1-mobile-grid__span-4 column1-mobile-grid__row-1 column2-mobile-grid__span-4 column2-mobile-grid__row-2 wp-block-jetpack-layout-gutter__nowrap wp-block-jetpack-layout-gutter__none\">\n<div class=\"wp-block-jetpack-layout-grid-column wp-block-jetpack-layout-grid__padding-none\">\n<p style=\"font-size:14px\"><strong>ADRENALIN:<br><\/strong>an die Grenzen gehen \u2026  einen Tag ohne Strom, ein Tag ohne sprechen, eine Nacht ohne Schlaf &#8230; Jugend zwischen Rausch und Langeweile<\/p>\n\n\n\n<figure class=\"wp-block-image size-large\"><img loading=\"lazy\" decoding=\"async\" width=\"1024\" height=\"680\" src=\"https:\/\/eleanora-allerdings.de\/2021\/wp-content\/uploads\/2021\/08\/zeltaufbau_regensburg-1024x680.jpg\" alt=\"\" class=\"wp-image-850\" srcset=\"https:\/\/eleanora-allerdings.de\/2021\/wp-content\/uploads\/2021\/08\/zeltaufbau_regensburg-1024x680.jpg 1024w, https:\/\/eleanora-allerdings.de\/2021\/wp-content\/uploads\/2021\/08\/zeltaufbau_regensburg-300x199.jpg 300w, https:\/\/eleanora-allerdings.de\/2021\/wp-content\/uploads\/2021\/08\/zeltaufbau_regensburg-768x510.jpg 768w, https:\/\/eleanora-allerdings.de\/2021\/wp-content\/uploads\/2021\/08\/zeltaufbau_regensburg.jpg 1228w\" sizes=\"auto, (max-width: 767px) 89vw, (max-width: 1000px) 54vw, (max-width: 1071px) 543px, 580px\" \/><\/figure>\n\n\n\n<p style=\"font-size:14px\"><strong>Schirnding unlimited:<br><\/strong>Dokumentarisches Theater zur Grenz\u00f6ffnung 1989 in Schirnding und zum \u201cFreiheitszug\u201d 1951 in Asch\/CZ<\/p>\n\n\n\n<figure class=\"wp-block-image size-full\"><img loading=\"lazy\" decoding=\"async\" width=\"850\" height=\"565\" src=\"https:\/\/eleanora-allerdings.de\/2021\/wp-content\/uploads\/2021\/08\/fotostrecke_5.jpg\" alt=\"\" class=\"wp-image-854\" srcset=\"https:\/\/eleanora-allerdings.de\/2021\/wp-content\/uploads\/2021\/08\/fotostrecke_5.jpg 850w, https:\/\/eleanora-allerdings.de\/2021\/wp-content\/uploads\/2021\/08\/fotostrecke_5-300x199.jpg 300w, https:\/\/eleanora-allerdings.de\/2021\/wp-content\/uploads\/2021\/08\/fotostrecke_5-768x510.jpg 768w\" sizes=\"auto, (max-width: 767px) 89vw, (max-width: 1000px) 54vw, (max-width: 1071px) 543px, 580px\" \/><\/figure>\n\n\n\n<p style=\"font-size:14px\"><strong>urbanEX:<\/strong> <br>wie wollen wir leben? <br>Untersuchungen in St\u00e4dten&nbsp;<\/p>\n\n\n\n<figure class=\"wp-block-image size-large\"><img loading=\"lazy\" decoding=\"async\" width=\"1024\" height=\"576\" src=\"https:\/\/eleanora-allerdings.de\/2021\/wp-content\/uploads\/2021\/08\/urbanex_2014-1024x576.jpg\" alt=\"\" class=\"wp-image-853\" srcset=\"https:\/\/eleanora-allerdings.de\/2021\/wp-content\/uploads\/2021\/08\/urbanex_2014-1024x576.jpg 1024w, https:\/\/eleanora-allerdings.de\/2021\/wp-content\/uploads\/2021\/08\/urbanex_2014-300x169.jpg 300w, https:\/\/eleanora-allerdings.de\/2021\/wp-content\/uploads\/2021\/08\/urbanex_2014-768x432.jpg 768w, https:\/\/eleanora-allerdings.de\/2021\/wp-content\/uploads\/2021\/08\/urbanex_2014-1536x863.jpg 1536w, https:\/\/eleanora-allerdings.de\/2021\/wp-content\/uploads\/2021\/08\/urbanex_2014.jpg 2048w\" sizes=\"auto, (max-width: 767px) 89vw, (max-width: 1000px) 54vw, (max-width: 1071px) 543px, 580px\" \/><\/figure>\n\n\n\n<p style=\"font-size:14px\"><a href=\"http:\/\/www.cojc.eu\" target=\"_blank\" rel=\"noreferrer noopener\">www.cojc.eu<\/a><\/p>\n<\/div>\n\n\n\n<div class=\"wp-block-jetpack-layout-grid-column wp-block-jetpack-layout-grid__padding-none\">\n<div style=\"height:1px\" aria-hidden=\"true\" class=\"wp-block-spacer\"><\/div>\n\n\n\n<p style=\"font-size:14px\"><strong>\u010doj\u010d ENSEMBLE:<br><\/strong>ein Ensemble mit deutschen und tschechischen Jugendlichen, gemischt-sprachige Inszenierungen und Tourneen in Schulen im Grenzland <\/p>\n\n\n\n<figure class=\"wp-block-image size-large\"><img loading=\"lazy\" decoding=\"async\" width=\"1024\" height=\"768\" src=\"https:\/\/eleanora-allerdings.de\/2021\/wp-content\/uploads\/2021\/04\/ensemble_2007_gruppe-1024x768.jpg\" alt=\"\" class=\"wp-image-254\" srcset=\"https:\/\/eleanora-allerdings.de\/2021\/wp-content\/uploads\/2021\/04\/ensemble_2007_gruppe-1024x768.jpg 1024w, https:\/\/eleanora-allerdings.de\/2021\/wp-content\/uploads\/2021\/04\/ensemble_2007_gruppe-300x225.jpg 300w, https:\/\/eleanora-allerdings.de\/2021\/wp-content\/uploads\/2021\/04\/ensemble_2007_gruppe-768x576.jpg 768w, https:\/\/eleanora-allerdings.de\/2021\/wp-content\/uploads\/2021\/04\/ensemble_2007_gruppe-1536x1152.jpg 1536w, https:\/\/eleanora-allerdings.de\/2021\/wp-content\/uploads\/2021\/04\/ensemble_2007_gruppe.jpg 1600w\" sizes=\"auto, (max-width: 767px) 89vw, (max-width: 1000px) 54vw, (max-width: 1071px) 543px, 580px\" \/><figcaption>\u010doj\u010d Ensemble 2007 ze srdce von Herzen<\/figcaption><\/figure>\n\n\n\n<p class=\"margin-top-half has-small-font-size\">.   <\/p>\n\n\n\n<div style=\"height:64px\" aria-hidden=\"true\" class=\"wp-block-spacer\"><\/div>\n<\/div>\n<\/div>\n\n\n\n<p><\/p>\n","protected":false},"excerpt":{"rendered":"<p>Mit Jugendlichen Theater zu machen hei\u00dft, sich dem Unbehagen und bohrenden Fragen dieses Alters zu stellen. Es hei\u00dft aber auch, weite Tore in die Welt aufzusto\u00dfen und sich zu trauen, hinaus zu gehen\u2026Meine meisten Projekte mit Jugendlichen habe ich im Rahmen des \u010doj\u010d Theater Netzwerk B\u00f6hmen Bayern geleitet &#8211; z.B. ADRENALIN:an die Grenzen gehen \u2026 &hellip; <\/p>\n<p class=\"link-more\"><a href=\"https:\/\/eleanora-allerdings.de\/2021\/jugendlichen\/\" class=\"more-link\"><span class=\"screen-reader-text\">\u201e+ Jugendliche\u201c <\/span>weiterlesen<\/a><\/p>\n","protected":false},"author":1,"featured_media":0,"parent":0,"menu_order":0,"comment_status":"closed","ping_status":"closed","template":"","meta":{"footnotes":""},"class_list":["post-389","page","type-page","status-publish","hentry"],"jetpack_sharing_enabled":true,"_links":{"self":[{"href":"https:\/\/eleanora-allerdings.de\/2021\/wp-json\/wp\/v2\/pages\/389","targetHints":{"allow":["GET"]}}],"collection":[{"href":"https:\/\/eleanora-allerdings.de\/2021\/wp-json\/wp\/v2\/pages"}],"about":[{"href":"https:\/\/eleanora-allerdings.de\/2021\/wp-json\/wp\/v2\/types\/page"}],"author":[{"embeddable":true,"href":"https:\/\/eleanora-allerdings.de\/2021\/wp-json\/wp\/v2\/users\/1"}],"replies":[{"embeddable":true,"href":"https:\/\/eleanora-allerdings.de\/2021\/wp-json\/wp\/v2\/comments?post=389"}],"version-history":[{"count":11,"href":"https:\/\/eleanora-allerdings.de\/2021\/wp-json\/wp\/v2\/pages\/389\/revisions"}],"predecessor-version":[{"id":894,"href":"https:\/\/eleanora-allerdings.de\/2021\/wp-json\/wp\/v2\/pages\/389\/revisions\/894"}],"wp:attachment":[{"href":"https:\/\/eleanora-allerdings.de\/2021\/wp-json\/wp\/v2\/media?parent=389"}],"curies":[{"name":"wp","href":"https:\/\/api.w.org\/{rel}","templated":true}]}}