{"id":354,"date":"2021-05-01T17:46:17","date_gmt":"2021-05-01T15:46:17","guid":{"rendered":"https:\/\/eleonoraallerdings.wordpress.com\/?page_id=354"},"modified":"2025-10-30T15:19:12","modified_gmt":"2025-10-30T14:19:12","slug":"home-2","status":"publish","type":"page","link":"https:\/\/eleanora-allerdings.de\/2021\/","title":{"rendered":"HOME"},"content":{"rendered":"\n<p style=\"font-size:28px\">alles h\u00e4ngt mit allem zusammen<\/p>\n\n\n\n<p>Je mehr ich lerne, umso mehr ich erfahren habe, umso mehr verkn\u00fcpft sich alles mit allem in meinem K\u00f6rper, meinem Denken, meinem Tun.<\/p>\n\n\n\n<p>Vielleicht unterrichte ich also letztlich immer das Gleiche nur in jeweils anderen Gewichtungen, Zusammenh\u00e4ngen, Verkn\u00fcpfungen\u2026<\/p>\n\n\n\n<p>Kern all meiner Motivation ist die Lust am Spiel, am Nicht-Wissen aber Ausprobieren und Herausfinden wollen.\u00a0<\/p>\n\n\n\n<p>Es interessieren mich alle Wege, die auf ganzheitlichem Lernen basieren, die Kreativit\u00e4t herausfordern und eine immer feinere Differenzierung der Wahrnehmung.&nbsp;<\/p>\n\n\n\n<p>Ich bin neugierig auf jede Gruppe, mit der ich arbeiten darf, und auf alle ihre Teile:<\/p>\n\n\n\n<p>warum besteht sie? was m\u00f6chte sie erforschen, was erreichen? mit welchen Mitteln kann ich dabei unterst\u00fctzen?&nbsp;<\/p>\n\n\n\n<p>Und sehr gerne setze ich auch einen Magnet in die Mitte und schaue, wer sich angezogen f\u00fchlt und was f\u00fcr eine Gruppe sich bildet: aus einem Thema, einer Frage, einer Idee.<\/p>\n\n\n\n<p>eleanora.allerdings@gmail.com<\/p>\n\n\n\n<div style=\"height:39px\" aria-hidden=\"true\" class=\"wp-block-spacer\"><\/div>\n\n\n\n<p style=\"font-size:12px\">Titelfoto: Cherima Nasa<\/p>\n","protected":false},"excerpt":{"rendered":"<p>alles h\u00e4ngt mit allem zusammen Je mehr ich lerne, umso mehr ich erfahren habe, umso mehr verkn\u00fcpft sich alles mit allem in meinem K\u00f6rper, meinem Denken, meinem Tun. Vielleicht unterrichte ich also letztlich immer das Gleiche nur in jeweils anderen Gewichtungen, Zusammenh\u00e4ngen, Verkn\u00fcpfungen\u2026 Kern all meiner Motivation ist die Lust am Spiel, am Nicht-Wissen aber &hellip; <\/p>\n<p class=\"link-more\"><a href=\"https:\/\/eleanora-allerdings.de\/2021\/\" class=\"more-link\"><span class=\"screen-reader-text\">\u201eHOME\u201c <\/span>weiterlesen<\/a><\/p>\n","protected":false},"author":1,"featured_media":0,"parent":0,"menu_order":0,"comment_status":"closed","ping_status":"closed","template":"","meta":{"footnotes":""},"class_list":["post-354","page","type-page","status-publish","hentry"],"jetpack_sharing_enabled":true,"_links":{"self":[{"href":"https:\/\/eleanora-allerdings.de\/2021\/wp-json\/wp\/v2\/pages\/354","targetHints":{"allow":["GET"]}}],"collection":[{"href":"https:\/\/eleanora-allerdings.de\/2021\/wp-json\/wp\/v2\/pages"}],"about":[{"href":"https:\/\/eleanora-allerdings.de\/2021\/wp-json\/wp\/v2\/types\/page"}],"author":[{"embeddable":true,"href":"https:\/\/eleanora-allerdings.de\/2021\/wp-json\/wp\/v2\/users\/1"}],"replies":[{"embeddable":true,"href":"https:\/\/eleanora-allerdings.de\/2021\/wp-json\/wp\/v2\/comments?post=354"}],"version-history":[{"count":4,"href":"https:\/\/eleanora-allerdings.de\/2021\/wp-json\/wp\/v2\/pages\/354\/revisions"}],"predecessor-version":[{"id":1779,"href":"https:\/\/eleanora-allerdings.de\/2021\/wp-json\/wp\/v2\/pages\/354\/revisions\/1779"}],"wp:attachment":[{"href":"https:\/\/eleanora-allerdings.de\/2021\/wp-json\/wp\/v2\/media?parent=354"}],"curies":[{"name":"wp","href":"https:\/\/api.w.org\/{rel}","templated":true}]}}