{"id":345,"date":"2021-05-01T17:33:37","date_gmt":"2021-05-01T15:33:37","guid":{"rendered":"https:\/\/eleonoraallerdings.wordpress.com\/?page_id=345"},"modified":"2021-06-21T15:22:35","modified_gmt":"2021-06-21T13:22:35","slug":"theater-padagogik","status":"publish","type":"page","link":"https:\/\/eleanora-allerdings.de\/2021\/theater-padagogik\/","title":{"rendered":"THEATER"},"content":{"rendered":"\n<p class=\"has-text-color\" style=\"color:#ad7521\"><strong>Theater als Kulturtechnik<\/strong><br>In den meisten Kulturen der Welt gibt es keine&nbsp; Unterscheidung&nbsp; zwischen \u201eSprechtheater\u201c, \u201eTanz\u201c, \u201eMusiktheater\u201c, \u201eBewegungstheater\u201c. Theater ist immer eine Mischung aus performativen Disziplinen.&nbsp;<br>Ich begreife Theater als Kulturtechnik. Es geht hierbei weniger um Auff\u00fchrungen, die durch ihre Kunstfertigkeit beeindrucken (\u201eTheater als Kunstform\u201c) sondern um Theater als kommunikative Spielform, <br>die die Spielenden im Prozess des Ausprobierens und Erschaffens bereichert. Das Auff\u00fchren selbst ist einfach der n\u00e4chste Ring drumherum, der ein Publikum dazu einl\u00e4dt, dem Erschaffenen beizuwohnen, durch das Zusehen emotional und intellektuell beizutragen und in einem anschlie\u00dfenden Gespr\u00e4ch das Ereignis gemeinsam zu verarbeiten.<\/p>\n\n\n\n<div class=\"wp-block-jetpack-layout-grid alignfull column1-desktop-grid__span-5 column1-desktop-grid__start-2 column1-desktop-grid__row-1 column2-desktop-grid__span-5 column2-desktop-grid__start-8 column2-desktop-grid__row-1 column1-tablet-grid__span-4 column1-tablet-grid__row-1 column2-tablet-grid__span-4 column2-tablet-grid__start-5 column2-tablet-grid__row-1 column1-mobile-grid__span-4 column1-mobile-grid__row-1 column2-mobile-grid__span-4 column2-mobile-grid__row-2 are-vertically-aligned-center wp-block-jetpack-layout-gutter__medium\">\n<div class=\"wp-block-jetpack-layout-grid-column wp-block-jetpack-layout-grid__padding-none is-vertically-aligned-center\">\n<h5 class=\"margin-bottom-half wp-block-heading\"><a href=\"https:\/\/eleanora-allerdings.de\/2021\/kinder-2\/\" data-type=\"page\" data-id=\"601\">kinder<\/a><\/h5>\n\n\n\n<figure class=\"wp-block-image size-large\"><img decoding=\"async\" src=\"https:\/\/eleanora-allerdings.de\/2021\/wp-content\/uploads\/2021\/04\/dsc_1442.jpg?w=525\" alt=\"\" class=\"wp-image-143\"\/><\/figure>\n\n\n\n<h5 class=\"margin-bottom-half wp-block-heading\"><a href=\"https:\/\/eleanora-allerdings.de\/2021\/jugendlichen\/\" data-type=\"page\" data-id=\"389\">jugendliche<\/a><\/h5>\n\n\n\n<figure class=\"wp-block-image size-large\"><img loading=\"lazy\" decoding=\"async\" width=\"1600\" height=\"1200\" src=\"https:\/\/eleanora-allerdings.de\/2021\/wp-content\/uploads\/2021\/04\/ensemble_2007_gruppe.jpg?w=525\" alt=\"\" class=\"wp-image-254\" srcset=\"https:\/\/eleanora-allerdings.de\/2021\/wp-content\/uploads\/2021\/04\/ensemble_2007_gruppe.jpg 1600w, https:\/\/eleanora-allerdings.de\/2021\/wp-content\/uploads\/2021\/04\/ensemble_2007_gruppe-300x225.jpg 300w, https:\/\/eleanora-allerdings.de\/2021\/wp-content\/uploads\/2021\/04\/ensemble_2007_gruppe-1024x768.jpg 1024w, https:\/\/eleanora-allerdings.de\/2021\/wp-content\/uploads\/2021\/04\/ensemble_2007_gruppe-768x576.jpg 768w, https:\/\/eleanora-allerdings.de\/2021\/wp-content\/uploads\/2021\/04\/ensemble_2007_gruppe-1536x1152.jpg 1536w\" sizes=\"auto, (max-width: 767px) 89vw, (max-width: 1000px) 54vw, (max-width: 1071px) 543px, 580px\" \/><\/figure>\n\n\n\n<p><\/p>\n<\/div>\n\n\n\n<div class=\"wp-block-jetpack-layout-grid-column wp-block-jetpack-layout-grid__padding-none is-vertically-aligned-center\">\n<h5 class=\"margin-bottom-half wp-block-heading\"><a href=\"https:\/\/eleanora-allerdings.de\/2021\/grosse-gruppen\/\" data-type=\"page\" data-id=\"390\">GROSSE GRUPPEN<\/a><\/h5>\n\n\n\n<figure class=\"wp-block-image size-large\"><img loading=\"lazy\" decoding=\"async\" width=\"1024\" height=\"683\" src=\"https:\/\/eleanora-allerdings.de\/2021\/wp-content\/uploads\/2021\/05\/magnet_boden-1024x683.jpg\" alt=\"\" class=\"wp-image-498\" srcset=\"https:\/\/eleanora-allerdings.de\/2021\/wp-content\/uploads\/2021\/05\/magnet_boden-1024x683.jpg 1024w, https:\/\/eleanora-allerdings.de\/2021\/wp-content\/uploads\/2021\/05\/magnet_boden-300x200.jpg 300w, https:\/\/eleanora-allerdings.de\/2021\/wp-content\/uploads\/2021\/05\/magnet_boden-768x512.jpg 768w, https:\/\/eleanora-allerdings.de\/2021\/wp-content\/uploads\/2021\/05\/magnet_boden-1536x1024.jpg 1536w, https:\/\/eleanora-allerdings.de\/2021\/wp-content\/uploads\/2021\/05\/magnet_boden-2048x1365.jpg 2048w\" sizes=\"auto, (max-width: 767px) 89vw, (max-width: 1000px) 54vw, (max-width: 1071px) 543px, 580px\" \/><\/figure>\n\n\n\n<h5 class=\"margin-bottom-half wp-block-heading\"><a href=\"https:\/\/eleanora-allerdings.de\/2021\/lernen\/\" data-type=\"page\" data-id=\"669\">lernen<\/a><\/h5>\n\n\n\n<figure class=\"wp-block-image size-large\"><img loading=\"lazy\" decoding=\"async\" width=\"768\" height=\"1024\" src=\"https:\/\/eleanora-allerdings.de\/2021\/wp-content\/uploads\/2021\/05\/img_lexilernt-768x1024.jpg\" alt=\"\" class=\"wp-image-508\" srcset=\"https:\/\/eleanora-allerdings.de\/2021\/wp-content\/uploads\/2021\/05\/img_lexilernt-768x1024.jpg 768w, https:\/\/eleanora-allerdings.de\/2021\/wp-content\/uploads\/2021\/05\/img_lexilernt-225x300.jpg 225w, https:\/\/eleanora-allerdings.de\/2021\/wp-content\/uploads\/2021\/05\/img_lexilernt-1152x1536.jpg 1152w, https:\/\/eleanora-allerdings.de\/2021\/wp-content\/uploads\/2021\/05\/img_lexilernt-1536x2048.jpg 1536w, https:\/\/eleanora-allerdings.de\/2021\/wp-content\/uploads\/2021\/05\/img_lexilernt-scaled.jpg 1920w\" sizes=\"auto, (max-width: 767px) 89vw, (max-width: 1000px) 54vw, (max-width: 1071px) 543px, 580px\" \/><\/figure>\n\n\n\n<div style=\"height:35px\" aria-hidden=\"true\" class=\"wp-block-spacer\"><\/div>\n<\/div>\n<\/div>\n\n\n\n<p><\/p>\n","protected":false},"excerpt":{"rendered":"<p>Theater als KulturtechnikIn den meisten Kulturen der Welt gibt es keine&nbsp; Unterscheidung&nbsp; zwischen \u201eSprechtheater\u201c, \u201eTanz\u201c, \u201eMusiktheater\u201c, \u201eBewegungstheater\u201c. Theater ist immer eine Mischung aus performativen Disziplinen.&nbsp;Ich begreife Theater als Kulturtechnik. Es geht hierbei weniger um Auff\u00fchrungen, die durch ihre Kunstfertigkeit beeindrucken (\u201eTheater als Kunstform\u201c) sondern um Theater als kommunikative Spielform, die die Spielenden im Prozess des &hellip; <\/p>\n<p class=\"link-more\"><a href=\"https:\/\/eleanora-allerdings.de\/2021\/theater-padagogik\/\" class=\"more-link\"><span class=\"screen-reader-text\">\u201eTHEATER\u201c <\/span>weiterlesen<\/a><\/p>\n","protected":false},"author":1,"featured_media":308,"parent":0,"menu_order":0,"comment_status":"closed","ping_status":"closed","template":"","meta":{"footnotes":""},"class_list":["post-345","page","type-page","status-publish","has-post-thumbnail","hentry"],"jetpack_sharing_enabled":true,"_links":{"self":[{"href":"https:\/\/eleanora-allerdings.de\/2021\/wp-json\/wp\/v2\/pages\/345","targetHints":{"allow":["GET"]}}],"collection":[{"href":"https:\/\/eleanora-allerdings.de\/2021\/wp-json\/wp\/v2\/pages"}],"about":[{"href":"https:\/\/eleanora-allerdings.de\/2021\/wp-json\/wp\/v2\/types\/page"}],"author":[{"embeddable":true,"href":"https:\/\/eleanora-allerdings.de\/2021\/wp-json\/wp\/v2\/users\/1"}],"replies":[{"embeddable":true,"href":"https:\/\/eleanora-allerdings.de\/2021\/wp-json\/wp\/v2\/comments?post=345"}],"version-history":[{"count":11,"href":"https:\/\/eleanora-allerdings.de\/2021\/wp-json\/wp\/v2\/pages\/345\/revisions"}],"predecessor-version":[{"id":827,"href":"https:\/\/eleanora-allerdings.de\/2021\/wp-json\/wp\/v2\/pages\/345\/revisions\/827"}],"wp:featuredmedia":[{"embeddable":true,"href":"https:\/\/eleanora-allerdings.de\/2021\/wp-json\/wp\/v2\/media\/308"}],"wp:attachment":[{"href":"https:\/\/eleanora-allerdings.de\/2021\/wp-json\/wp\/v2\/media?parent=345"}],"curies":[{"name":"wp","href":"https:\/\/api.w.org\/{rel}","templated":true}]}}