{"id":225,"date":"2021-04-16T19:57:29","date_gmt":"2021-04-16T17:57:29","guid":{"rendered":"https:\/\/eleonoraallerdings.wordpress.com\/?page_id=225"},"modified":"2025-05-06T15:18:51","modified_gmt":"2025-05-06T13:18:51","slug":"225-2","status":"publish","type":"page","link":"https:\/\/eleanora-allerdings.de\/2021\/225-2\/","title":{"rendered":"PHYSISCHES THEATER"},"content":{"rendered":"\n<div class=\"wp-block-columns alignwide are-vertically-aligned-top is-layout-flex wp-container-core-columns-is-layout-9d6595d7 wp-block-columns-is-layout-flex\">\n<div class=\"wp-block-column is-vertically-aligned-top is-layout-flow wp-block-column-is-layout-flow\" style=\"flex-basis:40%\">\n<div style=\"height:342px\" aria-hidden=\"true\" class=\"wp-block-spacer\"><\/div>\n\n\n\n<figure class=\"wp-block-image size-large is-style-default\"><img loading=\"lazy\" decoding=\"async\" width=\"1024\" height=\"768\" src=\"https:\/\/eleanora-allerdings.de\/2021\/wp-content\/uploads\/2021\/04\/physisches-theater-1024x768.jpg\" alt=\"\" class=\"wp-image-149\" srcset=\"https:\/\/eleanora-allerdings.de\/2021\/wp-content\/uploads\/2021\/04\/physisches-theater-1024x768.jpg 1024w, https:\/\/eleanora-allerdings.de\/2021\/wp-content\/uploads\/2021\/04\/physisches-theater-300x225.jpg 300w, https:\/\/eleanora-allerdings.de\/2021\/wp-content\/uploads\/2021\/04\/physisches-theater-768x576.jpg 768w, https:\/\/eleanora-allerdings.de\/2021\/wp-content\/uploads\/2021\/04\/physisches-theater-1536x1152.jpg 1536w, https:\/\/eleanora-allerdings.de\/2021\/wp-content\/uploads\/2021\/04\/physisches-theater.jpg 1600w\" sizes=\"auto, (max-width: 767px) 89vw, (max-width: 1000px) 54vw, (max-width: 1071px) 543px, 580px\" \/><\/figure>\n\n\n\n<hr class=\"wp-block-separator has-css-opacity is-style-wide\"\/>\n\n\n\n<div style=\"height:32px\" aria-hidden=\"true\" class=\"wp-block-spacer\"><\/div>\n<\/div>\n\n\n\n<div class=\"wp-block-column is-vertically-aligned-top is-layout-flow wp-block-column-is-layout-flow\" style=\"flex-basis:80%\">\n<h5 class=\"wp-block-heading\">Labormodul <br>p\u00e4dagogische Regie:<br>Physisches Theater bei : <a href=\"http:\/\/www.dasei.eu\">DAS EI <\/a><\/h5>\n\n\n\n<figure class=\"wp-block-image size-large is-resized\"><img loading=\"lazy\" decoding=\"async\" width=\"2000\" height=\"1599\" src=\"https:\/\/eleanora-allerdings.de\/2021\/wp-content\/uploads\/2021\/04\/cropped-img_20180815_192831.jpg?w=525\" alt=\"\" class=\"wp-image-158\" style=\"width:363px;height:289px\" srcset=\"https:\/\/eleanora-allerdings.de\/2021\/wp-content\/uploads\/2021\/04\/cropped-img_20180815_192831.jpg 2000w, https:\/\/eleanora-allerdings.de\/2021\/wp-content\/uploads\/2021\/04\/cropped-img_20180815_192831-300x240.jpg 300w, https:\/\/eleanora-allerdings.de\/2021\/wp-content\/uploads\/2021\/04\/cropped-img_20180815_192831-1024x819.jpg 1024w, https:\/\/eleanora-allerdings.de\/2021\/wp-content\/uploads\/2021\/04\/cropped-img_20180815_192831-768x614.jpg 768w, https:\/\/eleanora-allerdings.de\/2021\/wp-content\/uploads\/2021\/04\/cropped-img_20180815_192831-1536x1228.jpg 1536w\" sizes=\"auto, (max-width: 767px) 89vw, (max-width: 1000px) 54vw, (max-width: 1071px) 543px, 580px\" \/><\/figure>\n\n\n\n<div class=\"wp-block-columns alignwide are-vertically-aligned-top is-layout-flex wp-container-core-columns-is-layout-9d6595d7 wp-block-columns-is-layout-flex\">\n<div class=\"wp-block-column is-layout-flow wp-block-column-is-layout-flow\" style=\"flex-basis:100%\">\n<blockquote class=\"wp-block-quote is-layout-flow wp-block-quote-is-layout-flow\">\n<p><mark style=\"background-color:rgba(0, 0, 0, 0)\" class=\"has-inline-color has-vivid-red-color\">Was ist physisches Theater? <br>Wer braucht es? <\/mark><br><mark style=\"background-color:rgba(0, 0, 0, 0)\" class=\"has-inline-color has-vivid-red-color\"><br>Wie kann man Kreativit\u00e4t auf physischem Wege freisetzen und in theatrale Form umsetzen? <\/mark><br><mark style=\"background-color:rgba(0, 0, 0, 0)\" class=\"has-inline-color has-vivid-red-color\"><br>Inwiefern bestimmen  die Auswahl der \u00dcbungen und Abl\u00e4ufe die \u00c4sthetik der Inszenierung? <\/mark><br><mark style=\"background-color:rgba(0, 0, 0, 0)\" class=\"has-inline-color has-vivid-red-color\"><br>Kann man \u00fcber physische Aspekte und \u00dcbungen jedes Thema erarbeiten?<\/mark><br><mark style=\"background-color:rgba(0, 0, 0, 0)\" class=\"has-inline-color has-vivid-red-color\"><br>Wie kommt man \u00fcber ein gegebenes Thema zu einem St\u00fcck mit bewegter Form?<\/mark><br><mark style=\"background-color:rgba(0, 0, 0, 0)\" class=\"has-inline-color has-vivid-red-color\"><br>Gibt es modellhafte Vorgehensweisen f\u00fcr Bewegungstheater-Inszenierungen?<\/mark><br><\/p>\n<\/blockquote>\n<\/div>\n<\/div>\n\n\n\n<hr class=\"wp-block-separator has-css-opacity is-style-wide\"\/>\n\n\n\n<div style=\"height:96px\" aria-hidden=\"true\" class=\"wp-block-spacer\"><\/div>\n<\/div>\n<\/div>\n\n\n\n<p><\/p>\n","protected":false},"excerpt":{"rendered":"<p>Labormodul p\u00e4dagogische Regie:Physisches Theater bei : DAS EI Was ist physisches Theater? Wer braucht es? Wie kann man Kreativit\u00e4t auf physischem Wege freisetzen und in theatrale Form umsetzen? Inwiefern bestimmen die Auswahl der \u00dcbungen und Abl\u00e4ufe die \u00c4sthetik der Inszenierung? Kann man \u00fcber physische Aspekte und \u00dcbungen jedes Thema erarbeiten?Wie kommt man \u00fcber ein gegebenes &hellip; <\/p>\n<p class=\"link-more\"><a href=\"https:\/\/eleanora-allerdings.de\/2021\/225-2\/\" class=\"more-link\"><span class=\"screen-reader-text\">\u201ePHYSISCHES THEATER\u201c <\/span>weiterlesen<\/a><\/p>\n","protected":false},"author":1,"featured_media":0,"parent":0,"menu_order":0,"comment_status":"closed","ping_status":"closed","template":"","meta":{"footnotes":""},"class_list":["post-225","page","type-page","status-publish","hentry"],"jetpack_sharing_enabled":true,"_links":{"self":[{"href":"https:\/\/eleanora-allerdings.de\/2021\/wp-json\/wp\/v2\/pages\/225","targetHints":{"allow":["GET"]}}],"collection":[{"href":"https:\/\/eleanora-allerdings.de\/2021\/wp-json\/wp\/v2\/pages"}],"about":[{"href":"https:\/\/eleanora-allerdings.de\/2021\/wp-json\/wp\/v2\/types\/page"}],"author":[{"embeddable":true,"href":"https:\/\/eleanora-allerdings.de\/2021\/wp-json\/wp\/v2\/users\/1"}],"replies":[{"embeddable":true,"href":"https:\/\/eleanora-allerdings.de\/2021\/wp-json\/wp\/v2\/comments?post=225"}],"version-history":[{"count":10,"href":"https:\/\/eleanora-allerdings.de\/2021\/wp-json\/wp\/v2\/pages\/225\/revisions"}],"predecessor-version":[{"id":1750,"href":"https:\/\/eleanora-allerdings.de\/2021\/wp-json\/wp\/v2\/pages\/225\/revisions\/1750"}],"wp:attachment":[{"href":"https:\/\/eleanora-allerdings.de\/2021\/wp-json\/wp\/v2\/media?parent=225"}],"curies":[{"name":"wp","href":"https:\/\/api.w.org\/{rel}","templated":true}]}}