{"id":1466,"date":"2023-09-18T20:48:00","date_gmt":"2023-09-18T18:48:00","guid":{"rendered":"https:\/\/eleanora-allerdings.de\/2021\/?page_id=1466"},"modified":"2024-02-03T21:48:20","modified_gmt":"2024-02-03T20:48:20","slug":"linklater-voice-method","status":"publish","type":"page","link":"https:\/\/eleanora-allerdings.de\/2021\/linklater-voice-method\/","title":{"rendered":"Die Linklater Voice Method"},"content":{"rendered":"\n<div class=\"wp-block-columns is-layout-flex wp-container-core-columns-is-layout-9d6595d7 wp-block-columns-is-layout-flex\">\n<div class=\"wp-block-column is-layout-flow wp-block-column-is-layout-flow\">\n<div class=\"wp-block-jetpack-layout-grid alignfull column1-desktop-grid__span-4 column1-desktop-grid__row-1 column2-desktop-grid__span-8 column2-desktop-grid__start-5 column2-desktop-grid__row-1 column1-tablet-grid__span-4 column1-tablet-grid__row-1 column2-tablet-grid__span-4 column2-tablet-grid__start-5 column2-tablet-grid__row-1 column1-mobile-grid__span-4 column1-mobile-grid__row-1 column2-mobile-grid__span-4 column2-mobile-grid__row-2 wp-block-jetpack-layout-gutter__nowrap wp-block-jetpack-layout-gutter__medium\">\n<div class=\"wp-block-jetpack-layout-grid-column wp-block-jetpack-layout-grid__padding-none\">\n<h5 class=\"wp-block-heading margin-bottom-half\"><\/h5>\n\n\n\n<figure class=\"wp-block-image size-full is-resized is-style-default\"><img loading=\"lazy\" decoding=\"async\" width=\"107\" height=\"115\" src=\"https:\/\/eleanora-allerdings.de\/2021\/wp-content\/uploads\/2023\/09\/logo_me-1-1.jpg\" alt=\"\" class=\"wp-image-1499\" style=\"aspect-ratio:1;object-fit:cover;width:115px\"\/><\/figure>\n\n\n\n<figure class=\"wp-block-image size-full is-resized is-style-default wp-duotone-cf2e2e-ffffff-1\"><img loading=\"lazy\" decoding=\"async\" width=\"107\" height=\"115\" src=\"https:\/\/eleanora-allerdings.de\/2021\/wp-content\/uploads\/2023\/09\/logo_me-1-1.jpg\" alt=\"\" class=\"wp-image-1499\" style=\"aspect-ratio:1;object-fit:cover;width:85px\"\/><\/figure>\n\n\n\n<figure class=\"wp-block-image size-full is-resized is-style-default wp-duotone-ff6900-ffffff-2\"><img loading=\"lazy\" decoding=\"async\" width=\"107\" height=\"115\" src=\"https:\/\/eleanora-allerdings.de\/2021\/wp-content\/uploads\/2023\/09\/logo_me-1-1.jpg\" alt=\"\" class=\"wp-image-1499\" style=\"aspect-ratio:1;object-fit:cover;width:170px\"\/><\/figure>\n\n\n\n<figure class=\"wp-block-image size-full is-resized is-style-default wp-duotone-f78da7-ffffff-3\"><img loading=\"lazy\" decoding=\"async\" width=\"107\" height=\"115\" src=\"https:\/\/eleanora-allerdings.de\/2021\/wp-content\/uploads\/2023\/09\/logo_me-1-1.jpg\" alt=\"\" class=\"wp-image-1499\" style=\"aspect-ratio:1;object-fit:cover;width:80px\"\/><\/figure>\n\n\n\n<figure class=\"wp-block-image size-full is-resized is-style-default wp-duotone-9b51e0-ffffff-4\"><img loading=\"lazy\" decoding=\"async\" width=\"107\" height=\"115\" src=\"https:\/\/eleanora-allerdings.de\/2021\/wp-content\/uploads\/2023\/09\/logo_me-1-1.jpg\" alt=\"\" class=\"wp-image-1499\" style=\"aspect-ratio:1;object-fit:cover;width:120px\"\/><\/figure>\n\n\n\n<figure class=\"wp-block-image size-large is-resized is-style-default wp-duotone-unset-5\"><img loading=\"lazy\" decoding=\"async\" width=\"769\" height=\"1024\" src=\"https:\/\/eleanora-allerdings.de\/2021\/wp-content\/uploads\/2023\/09\/Logo_Nora-769x1024.jpg\" alt=\"\" class=\"wp-image-1492\" style=\"aspect-ratio:1;object-fit:cover;width:157px\" srcset=\"https:\/\/eleanora-allerdings.de\/2021\/wp-content\/uploads\/2023\/09\/Logo_Nora-769x1024.jpg 769w, https:\/\/eleanora-allerdings.de\/2021\/wp-content\/uploads\/2023\/09\/Logo_Nora-225x300.jpg 225w, https:\/\/eleanora-allerdings.de\/2021\/wp-content\/uploads\/2023\/09\/Logo_Nora-768x1023.jpg 768w, https:\/\/eleanora-allerdings.de\/2021\/wp-content\/uploads\/2023\/09\/Logo_Nora-1153x1536.jpg 1153w, https:\/\/eleanora-allerdings.de\/2021\/wp-content\/uploads\/2023\/09\/Logo_Nora-1538x2048.jpg 1538w, https:\/\/eleanora-allerdings.de\/2021\/wp-content\/uploads\/2023\/09\/Logo_Nora-scaled.jpg 1922w\" sizes=\"auto, (max-width: 767px) 89vw, (max-width: 1000px) 54vw, (max-width: 1071px) 543px, 580px\" \/><\/figure>\n<\/div>\n\n\n\n<div class=\"wp-block-jetpack-layout-grid-column wp-block-jetpack-layout-grid__padding-none\">\n<h5 class=\"wp-block-heading\"> <\/h5>\n\n\n\n<p>\u2026 ist eine Methode, die in klar aufeinander aufbauenden Schritten -\u201eProgression\u201c- das Potential der nat\u00fcrlichen Stimme (wieder) herstellt und entfaltet: einen Tonumfang von 2-4 Oktaven, Verst\u00e4ndlichkeit und H\u00f6rbarkeit<\/p>\n\n\n\n<p>\u2026 unterst\u00fctzt freie Kommunikation: angstfrei und unverst\u00e4rkt in unterschiedlichen Situationen sprechen und auftreten zu k\u00f6nnen<\/p>\n\n\n\n<p>\u2026 ermutigt von Anfang an zu selbst\u00e4ndigem \u00dcben und gibt den Studierenden Mittel an die Hand, eigenverantwortlich, in eigenem Tempo, Fortschritte zu machen \u2013 denn jeder K\u00f6rper, jede Person, jede Geschichte ist anders und muss sich den jeweils eigenen Weg erschlie\u00dfen<\/p>\n\n\n\n<p>\u2026 h\u00e4lt zahlreiche Spielideen f\u00fcr dramatische Textarbeit parat, denn sie wurde f\u00fcr die Arbeit mit Schauspieler:innen entwickelt<\/p>\n\n\n\n<p>\u2026 schon bald k\u00f6nnen Warm-Ups zusammengestellt werden: \u00dcbungsfolgen, die vor Auftritten, Pr\u00e4sentationen, herausfordernden Kommunikations-Settings absolviert werden k\u00f6nnen und dabei unterst\u00fctzen, die anstehende Herausforderung zu meistern<\/p>\n\n\n\n<p>\u2026 erg\u00e4nzend zum Gruppenunterricht werden im Einzelcoaching Inhalte und Methoden vertieft, die <em>genau diese<\/em> Person betreffen \u2013 die allgemeinen Schritte der Progression werden zu pers\u00f6nlichen Schritten<\/p>\n\n\n\n<p class=\"margin-top-half has-small-font-size\">.   <\/p>\n\n\n\n<div style=\"height:64px\" aria-hidden=\"true\" class=\"wp-block-spacer\"><\/div>\n<\/div>\n<\/div>\n<\/div>\n<\/div>\n\n\n\n<div class=\"wp-block-columns is-layout-flex wp-container-core-columns-is-layout-9d6595d7 wp-block-columns-is-layout-flex\"><\/div>\n","protected":false},"excerpt":{"rendered":"<p>\u2026 ist eine Methode, die in klar aufeinander aufbauenden Schritten -\u201eProgression\u201c- das Potential der nat\u00fcrlichen Stimme (wieder) herstellt und entfaltet: einen Tonumfang von 2-4 Oktaven, Verst\u00e4ndlichkeit und H\u00f6rbarkeit \u2026 unterst\u00fctzt freie Kommunikation: angstfrei und unverst\u00e4rkt in unterschiedlichen Situationen sprechen und auftreten zu k\u00f6nnen \u2026 ermutigt von Anfang an zu selbst\u00e4ndigem \u00dcben und gibt den Studierenden &hellip; <\/p>\n<p class=\"link-more\"><a href=\"https:\/\/eleanora-allerdings.de\/2021\/linklater-voice-method\/\" class=\"more-link\"><span class=\"screen-reader-text\">\u201eDie Linklater Voice Method\u201c <\/span>weiterlesen<\/a><\/p>\n","protected":false},"author":1,"featured_media":0,"parent":0,"menu_order":0,"comment_status":"closed","ping_status":"closed","template":"","meta":{"footnotes":""},"class_list":["post-1466","page","type-page","status-publish","hentry"],"jetpack_sharing_enabled":true,"_links":{"self":[{"href":"https:\/\/eleanora-allerdings.de\/2021\/wp-json\/wp\/v2\/pages\/1466","targetHints":{"allow":["GET"]}}],"collection":[{"href":"https:\/\/eleanora-allerdings.de\/2021\/wp-json\/wp\/v2\/pages"}],"about":[{"href":"https:\/\/eleanora-allerdings.de\/2021\/wp-json\/wp\/v2\/types\/page"}],"author":[{"embeddable":true,"href":"https:\/\/eleanora-allerdings.de\/2021\/wp-json\/wp\/v2\/users\/1"}],"replies":[{"embeddable":true,"href":"https:\/\/eleanora-allerdings.de\/2021\/wp-json\/wp\/v2\/comments?post=1466"}],"version-history":[{"count":10,"href":"https:\/\/eleanora-allerdings.de\/2021\/wp-json\/wp\/v2\/pages\/1466\/revisions"}],"predecessor-version":[{"id":1605,"href":"https:\/\/eleanora-allerdings.de\/2021\/wp-json\/wp\/v2\/pages\/1466\/revisions\/1605"}],"wp:attachment":[{"href":"https:\/\/eleanora-allerdings.de\/2021\/wp-json\/wp\/v2\/media?parent=1466"}],"curies":[{"name":"wp","href":"https:\/\/api.w.org\/{rel}","templated":true}]}}