{"id":1032,"date":"2022-03-17T14:06:37","date_gmt":"2022-03-17T13:06:37","guid":{"rendered":"https:\/\/eleanora-allerdings.de\/2021\/?page_id=1032"},"modified":"2026-04-16T12:13:03","modified_gmt":"2026-04-16T10:13:03","slug":"stimm-kurse","status":"publish","type":"page","link":"https:\/\/eleanora-allerdings.de\/2021\/stimm-kurse\/","title":{"rendered":"Unterricht"},"content":{"rendered":"\n<div class=\"wp-block-jetpack-layout-grid alignfull column1-desktop-grid__span-6 column1-desktop-grid__row-1 column2-desktop-grid__span-6 column2-desktop-grid__start-7 column2-desktop-grid__row-1 column1-tablet-grid__span-4 column1-tablet-grid__row-1 column2-tablet-grid__span-4 column2-tablet-grid__start-5 column2-tablet-grid__row-1 column1-mobile-grid__span-4 column1-mobile-grid__row-1 column2-mobile-grid__span-4 column2-mobile-grid__row-2 wp-block-jetpack-layout-gutter__medium\">\n<div class=\"wp-block-jetpack-layout-grid-column wp-block-jetpack-layout-grid__padding-none is-vertically-aligned-top\">\n<h5 class=\"wp-block-heading margin-bottom-half\"><\/h5>\n\n\n\n<figure class=\"wp-block-image size-large is-resized\"><img loading=\"lazy\" decoding=\"async\" width=\"1024\" height=\"938\" src=\"https:\/\/eleanora-allerdings.de\/2021\/wp-content\/uploads\/2023\/04\/E.Allerdings-1024x938.jpg\" alt=\"\" class=\"wp-image-1304\" style=\"aspect-ratio:1.0916700265626922;width:243px;height:auto\" srcset=\"https:\/\/eleanora-allerdings.de\/2021\/wp-content\/uploads\/2023\/04\/E.Allerdings-1024x938.jpg 1024w, https:\/\/eleanora-allerdings.de\/2021\/wp-content\/uploads\/2023\/04\/E.Allerdings-300x275.jpg 300w, https:\/\/eleanora-allerdings.de\/2021\/wp-content\/uploads\/2023\/04\/E.Allerdings-768x704.jpg 768w, https:\/\/eleanora-allerdings.de\/2021\/wp-content\/uploads\/2023\/04\/E.Allerdings-1536x1407.jpg 1536w, https:\/\/eleanora-allerdings.de\/2021\/wp-content\/uploads\/2023\/04\/E.Allerdings.jpg 1601w\" sizes=\"auto, (max-width: 767px) 89vw, (max-width: 1000px) 54vw, (max-width: 1071px) 543px, 580px\" \/><\/figure>\n\n\n\n<h4 class=\"wp-block-heading\"><mark style=\"background-color:rgba(0, 0, 0, 0)\" class=\"has-inline-color has-vivid-red-color\"><strong>Linklater Voicemethod &#8211; einsteigen oder auffrischen<\/strong><\/mark><\/h4>\n\n\n\n<figure class=\"wp-block-image size-full\"><img loading=\"lazy\" decoding=\"async\" width=\"383\" height=\"259\" src=\"https:\/\/eleanora-allerdings.de\/2021\/wp-content\/uploads\/2026\/03\/grafik-1.png\" alt=\"\" class=\"wp-image-1873\" srcset=\"https:\/\/eleanora-allerdings.de\/2021\/wp-content\/uploads\/2026\/03\/grafik-1.png 383w, https:\/\/eleanora-allerdings.de\/2021\/wp-content\/uploads\/2026\/03\/grafik-1-300x203.png 300w\" sizes=\"auto, (max-width: 383px) 100vw, 383px\" \/><\/figure>\n\n\n\n<p><strong>9.5.26      14:00-17:00       &amp;  10.5.26 10:00-15:00 Uhr <\/strong> <\/p>\n\n\n\n<p>Die nat\u00fcrliche Stimme befreien \u2013 darum geht es im Wesentlichen in der Linklater Voicemethod. Wo hast du Spannungen aufgebaut, die dich hindern, deine Stimme voll einzusetzen, frei, vernehmlich, ansteckend? Lass mal schauen &amp; lockern! 105,00 \u20ac\/85,00\u20ac\/50,00\u20ac<\/p>\n\n\n\n<p> <a href=\"https:\/\/maps.app.goo.gl\/BtoJi7qt4E4Rtjtc7\">TANZEREI F\u00fcrth<\/a> <a href=\"mailto:eleanora.allerdings@gmail.com\">eleanora.allerdings@gmail.com<\/a><\/p>\n\n\n\n<figure class=\"wp-block-image size-large\"><img loading=\"lazy\" decoding=\"async\" width=\"990\" height=\"1024\" src=\"https:\/\/eleanora-allerdings.de\/2021\/wp-content\/uploads\/2026\/04\/1759244701307-990x1024.jpg\" alt=\"\" class=\"wp-image-1905\" srcset=\"https:\/\/eleanora-allerdings.de\/2021\/wp-content\/uploads\/2026\/04\/1759244701307-990x1024.jpg 990w, https:\/\/eleanora-allerdings.de\/2021\/wp-content\/uploads\/2026\/04\/1759244701307-290x300.jpg 290w, https:\/\/eleanora-allerdings.de\/2021\/wp-content\/uploads\/2026\/04\/1759244701307-768x795.jpg 768w, https:\/\/eleanora-allerdings.de\/2021\/wp-content\/uploads\/2026\/04\/1759244701307-1485x1536.jpg 1485w, https:\/\/eleanora-allerdings.de\/2021\/wp-content\/uploads\/2026\/04\/1759244701307-1980x2048.jpg 1980w\" sizes=\"auto, (max-width: 767px) 89vw, (max-width: 1000px) 54vw, (max-width: 1071px) 543px, 580px\" \/><\/figure>\n\n\n\n<p><mark style=\"background-color:rgba(0, 0, 0, 0)\" class=\"has-inline-color has-vivid-red-color\"><strong>Sound &amp; movement<\/strong> <strong>20.6.26<\/strong><\/mark>  <a href=\"https:\/\/www.studiobuehne-erlangen.de\/mitmachen\/\">Studiob\u00fchne Erlangen <\/a><\/p>\n\n\n\n<p><\/p>\n\n\n\n<p><mark><mark style=\"background-color:rgba(0, 0, 0, 0)\" class=\"has-inline-color has-vivid-red-color\"><strong>EINZELCOACHING SprechSTIMME<\/strong><\/mark><\/mark><\/p>\n\n\n\n<figure class=\"wp-block-image size-large\"><img loading=\"lazy\" decoding=\"async\" width=\"1024\" height=\"576\" src=\"https:\/\/eleanora-allerdings.de\/2021\/wp-content\/uploads\/2025\/10\/Wolken-1-1024x576.jpg\" alt=\"\" class=\"wp-image-1798\" srcset=\"https:\/\/eleanora-allerdings.de\/2021\/wp-content\/uploads\/2025\/10\/Wolken-1-1024x576.jpg 1024w, https:\/\/eleanora-allerdings.de\/2021\/wp-content\/uploads\/2025\/10\/Wolken-1-300x169.jpg 300w, https:\/\/eleanora-allerdings.de\/2021\/wp-content\/uploads\/2025\/10\/Wolken-1-768x432.jpg 768w, https:\/\/eleanora-allerdings.de\/2021\/wp-content\/uploads\/2025\/10\/Wolken-1.jpg 1334w\" sizes=\"auto, (max-width: 767px) 89vw, (max-width: 1000px) 54vw, (max-width: 1071px) 543px, 580px\" \/><\/figure>\n\n\n\n<p>Was brauchst Du, damit du dich (wieder?) wohl f\u00fchlst mit deiner Stimme? Ob f\u00fcr Pr\u00e4sentationen, Vortr\u00e4ge, Unterricht oder auch Schauspiel und Sprechkunst &#8211; wir finden den f\u00fcr dich passenden Zugang! <strong>Interesse? <\/strong>melde dich! <a href=\"mailto:eleanora.allerdings@gmail.com\">eleanora.allerdings@gmail.com<\/a> <strong>Einzelstunde 60 Min. 70,00\u20ac <\/strong>                    <strong>5er Karte 325,00\u20ac                                          10er Karte 650,00\u20ac<\/strong><\/p>\n\n\n\n<p><\/p>\n\n\n\n<p><\/p>\n\n\n\n<p><\/p>\n\n\n\n<p><br><\/p>\n\n\n\n<p style=\"font-size:14px\"><\/p>\n\n\n\n<p style=\"font-size:14px\"><\/p>\n\n\n\n<p style=\"font-size:14px\"><\/p>\n\n\n\n<p style=\"font-size:14px\"><\/p>\n\n\n\n<p style=\"font-size:14px\"><\/p>\n\n\n\n<p style=\"font-size:14px\"><\/p>\n\n\n\n<p><\/p>\n<\/div>\n\n\n\n<div class=\"wp-block-jetpack-layout-grid-column wp-block-jetpack-layout-grid__padding-none is-vertically-aligned-top\">\n<h2 class=\"wp-block-heading\"><strong>Hintergrund<\/strong><\/h2>\n\n\n\n<p class=\"has-text-align-right\">&nbsp;&nbsp;&nbsp; In der Regel nutzen wir unsere Stimme t\u00e4glich &#8211; unbewusst und funktional. Wir erreichen damit, dass wir einen D\u00f6ner kaufen k\u00f6nnen, dass jemand uns den Weg erkl\u00e4rt, dass uns zugeh\u00f6rt wird und Gespr\u00e4che entstehen k\u00f6nnen.&nbsp;<\/p>\n\n\n\n<p class=\"has-text-align-right\">Wie sehr deine Stimme aber mehr ist als ein \u201cInstrument\u201d, das du einsetzt und das dir dient, &#8211; n\u00e4mlich als Ausdruck deines Wesens, bleibt in der Regel verborgen oder wird halb bewusst verschleiert, um sich als Person nicht angreifbar zu machen.&nbsp; Wenn du sie l\u00e4sst, dr\u00fcckt deine Stimme DICH aus.             <\/p>\n\n\n\n<p class=\"has-text-align-right\">Wir begreifen den K\u00f6rper als psycho-physische Einheit. Auf der physiologischen Ebene sp\u00fcren wir Spannungen auf, die die nat\u00fcrliche Stimmgebung beeintr\u00e4chtigen &#8211; zum Beispiel indem die Bauchmuskeln mitarbeiten oder der Nacken gewohnheitsm\u00e4\u00dfig \u00fcberstreckt ist.&nbsp;&nbsp; Auf der psychologischen Ebene finden wir mehr oder weniger tiefsitzende \u00c4ngste oder Gedanken-Konstrukte (\u201esei still, wenn Erwachsene reden!\u201c) die \u00c4u\u00dferungen schon auf der Impuls-Ebene hemmen oder unterdr\u00fccken.&nbsp; Durch bewusstes Hinsp\u00fcren, Hinterfragen, Um-bahnen und \u00dcben k\u00f6nnen \u00fcberkommene Muster aufgebrochen werden und zu deutlich mehr Ausdrucksfreiheit f\u00fchren.<\/p>\n\n\n\n<p class=\"has-text-align-center\"><mark style=\"background-color:rgba(0, 0, 0, 0)\" class=\"has-inline-color has-vivid-red-color\"><strong>FEED BACK <\/strong><\/mark><strong><mark style=\"background-color:rgba(0, 0, 0, 0)\" class=\"has-inline-color has-vivid-red-color\">-Stimmen<\/mark><\/strong><\/p>\n\n\n\n<p class=\"has-text-align-right\"><em>&#8222;Vielen Dank auch noch einmal f\u00fcr die wunderbaren Stunden. Zum Abschluss meiner beruflichen Laufbahn der absolute H\u00f6hepunkt, was Fortbildungen anbetraf!&#8220; Gerhard <\/em><\/p>\n\n\n\n<p class=\"has-text-align-right\"><em>Ich weiss gar nicht, wann ich mich das letzte Mal so lebendig gef\u00fchlt habe! Franziska <\/em><\/p>\n\n\n\n<p><\/p>\n<\/div>\n<\/div>\n\n\n\n<div class=\"wp-block-columns is-layout-flex wp-container-core-columns-is-layout-9d6595d7 wp-block-columns-is-layout-flex\">\n<div class=\"wp-block-column is-layout-flow wp-block-column-is-layout-flow\">\n<div class=\"wp-block-jetpack-layout-grid alignfull column1-desktop-grid__span-6 column1-desktop-grid__row-1 column2-desktop-grid__span-6 column2-desktop-grid__start-7 column2-desktop-grid__row-1 column1-tablet-grid__span-4 column1-tablet-grid__row-1 column2-tablet-grid__span-4 column2-tablet-grid__start-5 column2-tablet-grid__row-1 column1-mobile-grid__span-4 column1-mobile-grid__row-1 column2-mobile-grid__span-4 column2-mobile-grid__row-2\">\n<div class=\"wp-block-jetpack-layout-grid-column wp-block-jetpack-layout-grid__padding-none is-vertically-aligned-top\">\n<h5 class=\"wp-block-heading\"><\/h5>\n<\/div>\n\n\n\n<div class=\"wp-block-jetpack-layout-grid-column wp-block-jetpack-layout-grid__padding-none is-vertically-aligned-top\">\n<div style=\"height:69px\" aria-hidden=\"true\" class=\"wp-block-spacer\"><\/div>\n\n\n\n<p style=\"font-size:14px\"><\/p>\n<\/div>\n<\/div>\n<\/div>\n<\/div>\n","protected":false},"excerpt":{"rendered":"<p>Linklater Voicemethod &#8211; einsteigen oder auffrischen 9.5.26 14:00-17:00 &amp; 10.5.26 10:00-15:00 Uhr Die nat\u00fcrliche Stimme befreien \u2013 darum geht es im Wesentlichen in der Linklater Voicemethod. Wo hast du Spannungen aufgebaut, die dich hindern, deine Stimme voll einzusetzen, frei, vernehmlich, ansteckend? Lass mal schauen &amp; lockern! 105,00 \u20ac\/85,00\u20ac\/50,00\u20ac TANZEREI F\u00fcrth eleanora.allerdings@gmail.com Sound &amp; movement 20.6.26 &hellip; <\/p>\n<p class=\"link-more\"><a href=\"https:\/\/eleanora-allerdings.de\/2021\/stimm-kurse\/\" class=\"more-link\"><span class=\"screen-reader-text\">\u201eUnterricht\u201c <\/span>weiterlesen<\/a><\/p>\n","protected":false},"author":1,"featured_media":0,"parent":0,"menu_order":0,"comment_status":"closed","ping_status":"closed","template":"","meta":{"footnotes":""},"class_list":["post-1032","page","type-page","status-publish","hentry"],"jetpack_sharing_enabled":true,"_links":{"self":[{"href":"https:\/\/eleanora-allerdings.de\/2021\/wp-json\/wp\/v2\/pages\/1032","targetHints":{"allow":["GET"]}}],"collection":[{"href":"https:\/\/eleanora-allerdings.de\/2021\/wp-json\/wp\/v2\/pages"}],"about":[{"href":"https:\/\/eleanora-allerdings.de\/2021\/wp-json\/wp\/v2\/types\/page"}],"author":[{"embeddable":true,"href":"https:\/\/eleanora-allerdings.de\/2021\/wp-json\/wp\/v2\/users\/1"}],"replies":[{"embeddable":true,"href":"https:\/\/eleanora-allerdings.de\/2021\/wp-json\/wp\/v2\/comments?post=1032"}],"version-history":[{"count":10,"href":"https:\/\/eleanora-allerdings.de\/2021\/wp-json\/wp\/v2\/pages\/1032\/revisions"}],"predecessor-version":[{"id":1906,"href":"https:\/\/eleanora-allerdings.de\/2021\/wp-json\/wp\/v2\/pages\/1032\/revisions\/1906"}],"wp:attachment":[{"href":"https:\/\/eleanora-allerdings.de\/2021\/wp-json\/wp\/v2\/media?parent=1032"}],"curies":[{"name":"wp","href":"https:\/\/api.w.org\/{rel}","templated":true}]}}